{"id":3233,"date":"2023-01-09T02:25:34","date_gmt":"2023-01-09T02:25:34","guid":{"rendered":"https:\/\/sotan.mx\/?page_id=3233"},"modified":"2024-11-15T17:34:53","modified_gmt":"2024-11-15T23:34:53","slug":"guia-de-instrucciones","status":"publish","type":"page","link":"https:\/\/sotan.mx\/en\/guia-de-instrucciones\/","title":{"rendered":"Tan Guide"},"content":{"rendered":"<div data-elementor-type=\"wp-page\" data-elementor-id=\"3233\" class=\"elementor elementor-3233\" data-elementor-post-type=\"page\">\n\t\t\t\t\t\t<section class=\"elementor-section elementor-top-section elementor-element elementor-element-3f4bfa6 elementor-section-boxed elementor-section-height-default elementor-section-height-default\" data-id=\"3f4bfa6\" data-element_type=\"section\">\n\t\t\t\t\t\t<div class=\"elementor-container elementor-column-gap-default\">\n\t\t\t\t\t<div class=\"elementor-column elementor-col-25 elementor-top-column elementor-element elementor-element-9e63e11\" data-id=\"9e63e11\" data-element_type=\"column\">\n\t\t\t<div class=\"elementor-widget-wrap\">\n\t\t\t\t\t\t\t<\/div>\n\t\t<\/div>\n\t\t\t\t<div class=\"elementor-column elementor-col-50 elementor-top-column elementor-element elementor-element-64182d3\" data-id=\"64182d3\" data-element_type=\"column\">\n\t\t\t<div class=\"elementor-widget-wrap elementor-element-populated\">\n\t\t\t\t\t\t<div class=\"elementor-element elementor-element-5e50dc1 elementor-widget elementor-widget-heading\" data-id=\"5e50dc1\" data-element_type=\"widget\" data-widget_type=\"heading.default\">\n\t\t\t\t<div class=\"elementor-widget-container\">\n\t\t\t\t\t<h3 class=\"elementor-heading-title elementor-size-default\">Gu\u00eda de Cuidado<\/h3>\t\t\t\t<\/div>\n\t\t\t\t<\/div>\n\t\t\t\t\t<\/div>\n\t\t<\/div>\n\t\t\t\t<div class=\"elementor-column elementor-col-25 elementor-top-column elementor-element elementor-element-8316486\" data-id=\"8316486\" data-element_type=\"column\">\n\t\t\t<div class=\"elementor-widget-wrap\">\n\t\t\t\t\t\t\t<\/div>\n\t\t<\/div>\n\t\t\t\t\t<\/div>\n\t\t<\/section>\n\t\t\t\t<section class=\"elementor-section elementor-top-section elementor-element elementor-element-dc619dc elementor-section-boxed elementor-section-height-default elementor-section-height-default\" data-id=\"dc619dc\" data-element_type=\"section\">\n\t\t\t\t\t\t<div class=\"elementor-container elementor-column-gap-default\">\n\t\t\t\t\t<div class=\"elementor-column elementor-col-100 elementor-top-column elementor-element elementor-element-6110ede\" data-id=\"6110ede\" data-element_type=\"column\">\n\t\t\t<div class=\"elementor-widget-wrap elementor-element-populated\">\n\t\t\t\t\t\t<div class=\"elementor-element elementor-element-9485c57 elementor-widget elementor-widget-heading\" data-id=\"9485c57\" data-element_type=\"widget\" data-widget_type=\"heading.default\">\n\t\t\t\t<div class=\"elementor-widget-container\">\n\t\t\t\t\t<h2 class=\"elementor-heading-title elementor-size-default\">VERY IMPORTANT<\/h2>\t\t\t\t<\/div>\n\t\t\t\t<\/div>\n\t\t\t\t<div class=\"elementor-element elementor-element-b40177f elementor-widget elementor-widget-text-editor\" data-id=\"b40177f\" data-element_type=\"widget\" data-widget_type=\"text-editor.default\">\n\t\t\t\t<div class=\"elementor-widget-container\">\n\t\t\t\t\t\t\t\t\t<p><span style=\"font-family: Poppins, sans-serif; font-size: 18px; text-align: center;\">We recommend you read the following steps <strong>BEFORE BOOKING YOUR TAN.<\/strong>They are very important for you to know, to get the best experience with us.<\/span><\/p>\t\t\t\t\t\t\t\t<\/div>\n\t\t\t\t<\/div>\n\t\t\t\t\t<\/div>\n\t\t<\/div>\n\t\t\t\t\t<\/div>\n\t\t<\/section>\n\t\t\t\t<section class=\"elementor-section elementor-top-section elementor-element elementor-element-dceb434 elementor-section-boxed elementor-section-height-default elementor-section-height-default\" data-id=\"dceb434\" data-element_type=\"section\">\n\t\t\t\t\t\t<div class=\"elementor-container elementor-column-gap-default\">\n\t\t\t\t\t<div class=\"elementor-column elementor-col-50 elementor-top-column elementor-element elementor-element-8e1ab89\" data-id=\"8e1ab89\" data-element_type=\"column\">\n\t\t\t<div class=\"elementor-widget-wrap elementor-element-populated\">\n\t\t\t\t\t\t<div class=\"elementor-element elementor-element-fd3cc1b elementor-widget elementor-widget-image\" data-id=\"fd3cc1b\" data-element_type=\"widget\" data-widget_type=\"image.default\">\n\t\t\t\t<div class=\"elementor-widget-container\">\n\t\t\t\t\t\t\t\t\t\t\t\t\t\t\t<img fetchpriority=\"high\" decoding=\"async\" width=\"384\" height=\"1024\" src=\"https:\/\/sotan.mx\/wp-content\/uploads\/2024\/11\/PRE-TAN-01-384x1024.jpg\" class=\"attachment-large size-large wp-image-17267\" alt=\"\" srcset=\"https:\/\/sotan.mx\/wp-content\/uploads\/2024\/11\/PRE-TAN-01-384x1024.jpg 384w, https:\/\/sotan.mx\/wp-content\/uploads\/2024\/11\/PRE-TAN-01-112x300.jpg 112w, https:\/\/sotan.mx\/wp-content\/uploads\/2024\/11\/PRE-TAN-01-768x2048.jpg 768w, https:\/\/sotan.mx\/wp-content\/uploads\/2024\/11\/PRE-TAN-01-576x1536.jpg 576w, https:\/\/sotan.mx\/wp-content\/uploads\/2024\/11\/PRE-TAN-01-4x12.jpg 4w, https:\/\/sotan.mx\/wp-content\/uploads\/2024\/11\/PRE-TAN-01-937x2499.jpg 937w, https:\/\/sotan.mx\/wp-content\/uploads\/2024\/11\/PRE-TAN-01-scaled.jpg 960w\" sizes=\"(max-width: 384px) 100vw, 384px\" \/>\t\t\t\t\t\t\t\t\t\t\t\t\t\t\t<\/div>\n\t\t\t\t<\/div>\n\t\t\t\t\t<\/div>\n\t\t<\/div>\n\t\t\t\t<div class=\"elementor-column elementor-col-50 elementor-top-column elementor-element elementor-element-d085c21\" data-id=\"d085c21\" data-element_type=\"column\">\n\t\t\t<div class=\"elementor-widget-wrap elementor-element-populated\">\n\t\t\t\t\t\t<div class=\"elementor-element elementor-element-6a33634 elementor-widget elementor-widget-image\" data-id=\"6a33634\" data-element_type=\"widget\" data-widget_type=\"image.default\">\n\t\t\t\t<div class=\"elementor-widget-container\">\n\t\t\t\t\t\t\t\t\t\t\t\t\t\t\t<img decoding=\"async\" width=\"384\" height=\"1024\" src=\"https:\/\/sotan.mx\/wp-content\/uploads\/2024\/11\/POST-TAN-01-384x1024.jpg\" class=\"attachment-large size-large wp-image-17266\" alt=\"\" srcset=\"https:\/\/sotan.mx\/wp-content\/uploads\/2024\/11\/POST-TAN-01-384x1024.jpg 384w, https:\/\/sotan.mx\/wp-content\/uploads\/2024\/11\/POST-TAN-01-112x300.jpg 112w, https:\/\/sotan.mx\/wp-content\/uploads\/2024\/11\/POST-TAN-01-768x2048.jpg 768w, https:\/\/sotan.mx\/wp-content\/uploads\/2024\/11\/POST-TAN-01-576x1536.jpg 576w, https:\/\/sotan.mx\/wp-content\/uploads\/2024\/11\/POST-TAN-01-4x12.jpg 4w, https:\/\/sotan.mx\/wp-content\/uploads\/2024\/11\/POST-TAN-01-937x2499.jpg 937w, https:\/\/sotan.mx\/wp-content\/uploads\/2024\/11\/POST-TAN-01-scaled.jpg 960w\" sizes=\"(max-width: 384px) 100vw, 384px\" \/>\t\t\t\t\t\t\t\t\t\t\t\t\t\t\t<\/div>\n\t\t\t\t<\/div>\n\t\t\t\t\t<\/div>\n\t\t<\/div>\n\t\t\t\t\t<\/div>\n\t\t<\/section>\n\t\t\t\t<\/div>","protected":false},"excerpt":{"rendered":"<p>Gu\u00eda de Cuidado SUPER IMPORTANTE Te recomendamos leer los siguientes pasos ANTES DE REALIZAR TU RESERVACI\u00d3N, son muy importantes que los sepas, para obtener la mejor experiencia con nosotros.<\/p>","protected":false},"author":1,"featured_media":0,"parent":0,"menu_order":0,"comment_status":"closed","ping_status":"closed","template":"elementor_header_footer","meta":{"footnotes":""},"class_list":["post-3233","page","type-page","status-publish","hentry"],"yoast_head":"<!-- This site is optimized with the Yoast SEO Premium plugin v20.13 (Yoast SEO v25.8) - https:\/\/yoast.com\/wordpress\/plugins\/seo\/ -->\n<title>Gu\u00eda de Instrucciones - Sotan<\/title>\n<meta name=\"robots\" content=\"index, follow, max-snippet:-1, max-image-preview:large, max-video-preview:-1\" \/>\n<link rel=\"canonical\" href=\"https:\/\/sotan.mx\/en\/guia-de-instrucciones\/\" \/>\n<meta property=\"og:locale\" content=\"en_US\" \/>\n<meta property=\"og:type\" content=\"article\" \/>\n<meta property=\"og:title\" content=\"Gu\u00eda de Instrucciones\" \/>\n<meta property=\"og:description\" content=\"Gu\u00eda de Cuidado SUPER IMPORTANTE Te recomendamos leer los siguientes pasos ANTES DE REALIZAR TU RESERVACI\u00d3N, son muy importantes que los sepas, para obtener la mejor experiencia con nosotros.\" \/>\n<meta property=\"og:url\" content=\"https:\/\/sotan.mx\/en\/guia-de-instrucciones\/\" \/>\n<meta property=\"og:site_name\" content=\"Sotan\" \/>\n<meta property=\"article:publisher\" content=\"https:\/\/www.facebook.com\/SoTan.onthego\" \/>\n<meta property=\"article:modified_time\" content=\"2024-11-15T23:34:53+00:00\" \/>\n<meta property=\"og:image\" content=\"https:\/\/sotan.mx\/wp-content\/uploads\/2024\/11\/PRE-TAN-01-384x1024.jpg\" \/>\n<meta name=\"twitter:card\" content=\"summary_large_image\" \/>\n<meta name=\"twitter:label1\" content=\"Est. reading time\" \/>\n\t<meta name=\"twitter:data1\" content=\"1 minute\" \/>\n<script type=\"application\/ld+json\" class=\"yoast-schema-graph\">{\"@context\":\"https:\/\/schema.org\",\"@graph\":[{\"@type\":\"WebPage\",\"@id\":\"https:\/\/sotan.mx\/guia-de-instrucciones\/\",\"url\":\"https:\/\/sotan.mx\/guia-de-instrucciones\/\",\"name\":\"Gu\u00eda de Instrucciones - Sotan\",\"isPartOf\":{\"@id\":\"https:\/\/sotan.mx\/#website\"},\"primaryImageOfPage\":{\"@id\":\"https:\/\/sotan.mx\/guia-de-instrucciones\/#primaryimage\"},\"image\":{\"@id\":\"https:\/\/sotan.mx\/guia-de-instrucciones\/#primaryimage\"},\"thumbnailUrl\":\"https:\/\/sotan.mx\/wp-content\/uploads\/2024\/11\/PRE-TAN-01-384x1024.jpg\",\"datePublished\":\"2023-01-09T02:25:34+00:00\",\"dateModified\":\"2024-11-15T23:34:53+00:00\",\"breadcrumb\":{\"@id\":\"https:\/\/sotan.mx\/guia-de-instrucciones\/#breadcrumb\"},\"inLanguage\":\"en-US\",\"potentialAction\":[{\"@type\":\"ReadAction\",\"target\":[\"https:\/\/sotan.mx\/guia-de-instrucciones\/\"]}]},{\"@type\":\"ImageObject\",\"inLanguage\":\"en-US\",\"@id\":\"https:\/\/sotan.mx\/guia-de-instrucciones\/#primaryimage\",\"url\":\"https:\/\/sotan.mx\/wp-content\/uploads\/2024\/11\/PRE-TAN-01-384x1024.jpg\",\"contentUrl\":\"https:\/\/sotan.mx\/wp-content\/uploads\/2024\/11\/PRE-TAN-01-384x1024.jpg\"},{\"@type\":\"BreadcrumbList\",\"@id\":\"https:\/\/sotan.mx\/guia-de-instrucciones\/#breadcrumb\",\"itemListElement\":[{\"@type\":\"ListItem\",\"position\":1,\"name\":\"Home\",\"item\":\"https:\/\/sotan.mx\/\"},{\"@type\":\"ListItem\",\"position\":2,\"name\":\"Gu\u00eda de Instrucciones\"}]},{\"@type\":\"WebSite\",\"@id\":\"https:\/\/sotan.mx\/#website\",\"url\":\"https:\/\/sotan.mx\/\",\"name\":\"Sotan\",\"description\":\"Bronceado org\u00e1nico realizado con aer\u00f3grafo\",\"publisher\":{\"@id\":\"https:\/\/sotan.mx\/#organization\"},\"alternateName\":\"Sotan.mx\",\"potentialAction\":[{\"@type\":\"SearchAction\",\"target\":{\"@type\":\"EntryPoint\",\"urlTemplate\":\"https:\/\/sotan.mx\/?s={search_term_string}\"},\"query-input\":{\"@type\":\"PropertyValueSpecification\",\"valueRequired\":true,\"valueName\":\"search_term_string\"}}],\"inLanguage\":\"en-US\"},{\"@type\":\"Organization\",\"@id\":\"https:\/\/sotan.mx\/#organization\",\"name\":\"Sotan.mx\",\"url\":\"https:\/\/sotan.mx\/\",\"logo\":{\"@type\":\"ImageObject\",\"inLanguage\":\"en-US\",\"@id\":\"https:\/\/sotan.mx\/#\/schema\/logo\/image\/\",\"url\":\"https:\/\/sotan.mx\/wp-content\/uploads\/2023\/07\/logo_movile.jpg\",\"contentUrl\":\"https:\/\/sotan.mx\/wp-content\/uploads\/2023\/07\/logo_movile.jpg\",\"width\":373,\"height\":110,\"caption\":\"Sotan.mx\"},\"image\":{\"@id\":\"https:\/\/sotan.mx\/#\/schema\/logo\/image\/\"},\"sameAs\":[\"https:\/\/www.facebook.com\/SoTan.onthego\",\"https:\/\/www.instagram.com\/sotanmx\/\"]}]}<\/script>\n<!-- \/ Yoast SEO Premium plugin. -->","yoast_head_json":{"title":"Gu\u00eda de Instrucciones - Sotan","robots":{"index":"index","follow":"follow","max-snippet":"max-snippet:-1","max-image-preview":"max-image-preview:large","max-video-preview":"max-video-preview:-1"},"canonical":"https:\/\/sotan.mx\/en\/guia-de-instrucciones\/","og_locale":"en_US","og_type":"article","og_title":"Gu\u00eda de Instrucciones","og_description":"Gu\u00eda de Cuidado SUPER IMPORTANTE Te recomendamos leer los siguientes pasos ANTES DE REALIZAR TU RESERVACI\u00d3N, son muy importantes que los sepas, para obtener la mejor experiencia con nosotros.","og_url":"https:\/\/sotan.mx\/en\/guia-de-instrucciones\/","og_site_name":"Sotan","article_publisher":"https:\/\/www.facebook.com\/SoTan.onthego","article_modified_time":"2024-11-15T23:34:53+00:00","og_image":[{"url":"https:\/\/sotan.mx\/wp-content\/uploads\/2024\/11\/PRE-TAN-01-384x1024.jpg","type":"","width":"","height":""}],"twitter_card":"summary_large_image","twitter_misc":{"Est. reading time":"1 minute"},"schema":{"@context":"https:\/\/schema.org","@graph":[{"@type":"WebPage","@id":"https:\/\/sotan.mx\/guia-de-instrucciones\/","url":"https:\/\/sotan.mx\/guia-de-instrucciones\/","name":"Gu\u00eda de Instrucciones - Sotan","isPartOf":{"@id":"https:\/\/sotan.mx\/#website"},"primaryImageOfPage":{"@id":"https:\/\/sotan.mx\/guia-de-instrucciones\/#primaryimage"},"image":{"@id":"https:\/\/sotan.mx\/guia-de-instrucciones\/#primaryimage"},"thumbnailUrl":"https:\/\/sotan.mx\/wp-content\/uploads\/2024\/11\/PRE-TAN-01-384x1024.jpg","datePublished":"2023-01-09T02:25:34+00:00","dateModified":"2024-11-15T23:34:53+00:00","breadcrumb":{"@id":"https:\/\/sotan.mx\/guia-de-instrucciones\/#breadcrumb"},"inLanguage":"en-US","potentialAction":[{"@type":"ReadAction","target":["https:\/\/sotan.mx\/guia-de-instrucciones\/"]}]},{"@type":"ImageObject","inLanguage":"en-US","@id":"https:\/\/sotan.mx\/guia-de-instrucciones\/#primaryimage","url":"https:\/\/sotan.mx\/wp-content\/uploads\/2024\/11\/PRE-TAN-01-384x1024.jpg","contentUrl":"https:\/\/sotan.mx\/wp-content\/uploads\/2024\/11\/PRE-TAN-01-384x1024.jpg"},{"@type":"BreadcrumbList","@id":"https:\/\/sotan.mx\/guia-de-instrucciones\/#breadcrumb","itemListElement":[{"@type":"ListItem","position":1,"name":"Home","item":"https:\/\/sotan.mx\/"},{"@type":"ListItem","position":2,"name":"Gu\u00eda de Instrucciones"}]},{"@type":"WebSite","@id":"https:\/\/sotan.mx\/#website","url":"https:\/\/sotan.mx\/","name":"Sotan","description":"Bronceado org\u00e1nico realizado con aer\u00f3grafo","publisher":{"@id":"https:\/\/sotan.mx\/#organization"},"alternateName":"Sotan.mx","potentialAction":[{"@type":"SearchAction","target":{"@type":"EntryPoint","urlTemplate":"https:\/\/sotan.mx\/?s={search_term_string}"},"query-input":{"@type":"PropertyValueSpecification","valueRequired":true,"valueName":"search_term_string"}}],"inLanguage":"en-US"},{"@type":"Organization","@id":"https:\/\/sotan.mx\/#organization","name":"Sotan.mx","url":"https:\/\/sotan.mx\/","logo":{"@type":"ImageObject","inLanguage":"en-US","@id":"https:\/\/sotan.mx\/#\/schema\/logo\/image\/","url":"https:\/\/sotan.mx\/wp-content\/uploads\/2023\/07\/logo_movile.jpg","contentUrl":"https:\/\/sotan.mx\/wp-content\/uploads\/2023\/07\/logo_movile.jpg","width":373,"height":110,"caption":"Sotan.mx"},"image":{"@id":"https:\/\/sotan.mx\/#\/schema\/logo\/image\/"},"sameAs":["https:\/\/www.facebook.com\/SoTan.onthego","https:\/\/www.instagram.com\/sotanmx\/"]}]}},"_links":{"self":[{"href":"https:\/\/sotan.mx\/en\/wp-json\/wp\/v2\/pages\/3233","targetHints":{"allow":["GET"]}}],"collection":[{"href":"https:\/\/sotan.mx\/en\/wp-json\/wp\/v2\/pages"}],"about":[{"href":"https:\/\/sotan.mx\/en\/wp-json\/wp\/v2\/types\/page"}],"author":[{"embeddable":true,"href":"https:\/\/sotan.mx\/en\/wp-json\/wp\/v2\/users\/1"}],"replies":[{"embeddable":true,"href":"https:\/\/sotan.mx\/en\/wp-json\/wp\/v2\/comments?post=3233"}],"version-history":[{"count":106,"href":"https:\/\/sotan.mx\/en\/wp-json\/wp\/v2\/pages\/3233\/revisions"}],"predecessor-version":[{"id":17276,"href":"https:\/\/sotan.mx\/en\/wp-json\/wp\/v2\/pages\/3233\/revisions\/17276"}],"wp:attachment":[{"href":"https:\/\/sotan.mx\/en\/wp-json\/wp\/v2\/media?parent=3233"}],"curies":[{"name":"wp","href":"https:\/\/api.w.org\/{rel}","templated":true}]}}