{"id":3830,"date":"2023-02-16T01:08:37","date_gmt":"2023-02-16T01:08:37","guid":{"rendered":"https:\/\/sotan.mx\/?page_id=3830"},"modified":"2023-03-14T16:50:27","modified_gmt":"2023-03-14T16:50:27","slug":"cancelar-cita","status":"publish","type":"page","link":"https:\/\/sotan.mx\/en\/cancelar-cita\/","title":{"rendered":"Cancelar cita"},"content":{"rendered":"<div data-elementor-type=\"wp-page\" data-elementor-id=\"3830\" class=\"elementor elementor-3830\" data-elementor-post-type=\"page\">\n\t\t\t\t\t\t<section class=\"elementor-section elementor-top-section elementor-element elementor-element-46edc83 elementor-section-boxed elementor-section-height-default elementor-section-height-default\" data-id=\"46edc83\" data-element_type=\"section\">\n\t\t\t\t\t\t<div class=\"elementor-container elementor-column-gap-default\">\n\t\t\t\t\t<div class=\"elementor-column elementor-col-100 elementor-top-column elementor-element elementor-element-0a07beb\" data-id=\"0a07beb\" data-element_type=\"column\">\n\t\t\t<div class=\"elementor-widget-wrap elementor-element-populated\">\n\t\t\t\t\t\t<div class=\"elementor-element elementor-element-90c6d1f elementor-widget elementor-widget-image\" data-id=\"90c6d1f\" data-element_type=\"widget\" data-widget_type=\"image.default\">\n\t\t\t\t<div class=\"elementor-widget-container\">\n\t\t\t\t\t\t\t\t\t\t\t\t\t\t\t<img decoding=\"async\" src=\"https:\/\/sotan.mx\/wp-content\/uploads\/elementor\/thumbs\/cropped-dsf-q0f60047qi3ensgw42seofnv6tpj5oyemu1hm0ainc.png\" title=\"cropped-dsf.png\" alt=\"cropped-dsf.png\" loading=\"lazy\" \/>\t\t\t\t\t\t\t\t\t\t\t\t\t\t\t<\/div>\n\t\t\t\t<\/div>\n\t\t\t\t<div class=\"elementor-element elementor-element-841c0e0 elementor-widget elementor-widget-heading\" data-id=\"841c0e0\" data-element_type=\"widget\" data-widget_type=\"heading.default\">\n\t\t\t\t<div class=\"elementor-widget-container\">\n\t\t\t\t\t<h2 class=\"elementor-heading-title elementor-size-default\">Cambios o cancelaciones<\/h2>\t\t\t\t<\/div>\n\t\t\t\t<\/div>\n\t\t\t\t<div class=\"elementor-element elementor-element-4b234ec elementor-widget elementor-widget-text-editor\" data-id=\"4b234ec\" data-element_type=\"widget\" data-widget_type=\"text-editor.default\">\n\t\t\t\t<div class=\"elementor-widget-container\">\n\t\t\t\t\t\t\t\t\t<p>Para cambios o cancelaciones en tu cita, deber\u00e1s hacerlo con 24 hrs de anticipaci\u00f3n, de no ser as\u00ed, la cita no es reembolsable.&nbsp;<\/p><p><span style=\"color: var(--august-text-color); font-family: var(--august-main-font), Helvetica, Arial, sans-serif;\">Se puede reagendar una sola vez y debe de ser dentro de los siguientes 3 meses de tu cita original.<\/span><\/p>\n<p><strong>Todas las citas son \u00fanicas e intransferibles.<\/strong><\/p>\t\t\t\t\t\t\t\t<\/div>\n\t\t\t\t<\/div>\n\t\t\t\t\t<\/div>\n\t\t<\/div>\n\t\t\t\t\t<\/div>\n\t\t<\/section>\n\t\t\t\t<section class=\"elementor-section elementor-inner-section elementor-element elementor-element-70fc38ba elementor-section-boxed elementor-section-height-default elementor-section-height-default\" data-id=\"70fc38ba\" data-element_type=\"section\">\n\t\t\t\t\t\t<div class=\"elementor-container elementor-column-gap-default\">\n\t\t\t\t\t<div class=\"elementor-column elementor-col-50 elementor-inner-column elementor-element elementor-element-f4a5385\" data-id=\"f4a5385\" data-element_type=\"column\">\n\t\t\t<div class=\"elementor-widget-wrap elementor-element-populated\">\n\t\t\t\t\t\t<div class=\"elementor-element elementor-element-6d2677d9 btn-theme-overlay elementor-align-center elementor-widget elementor-widget-button\" data-id=\"6d2677d9\" data-element_type=\"widget\" data-widget_type=\"button.default\">\n\t\t\t\t<div class=\"elementor-widget-container\">\n\t\t\t\t\t\t\t\t\t<div class=\"elementor-button-wrapper\">\n\t\t\t\t\t<a class=\"elementor-button elementor-button-link elementor-size-sm\" href=\"https:\/\/linktr.ee\/sotanmx\">\n\t\t\t\t\t\t<span class=\"elementor-button-content-wrapper\">\n\t\t\t\t\t\t\t\t\t<span class=\"elementor-button-text\">REAGENDAR<\/span>\n\t\t\t\t\t<\/span>\n\t\t\t\t\t<\/a>\n\t\t\t\t<\/div>\n\t\t\t\t\t\t\t\t<\/div>\n\t\t\t\t<\/div>\n\t\t\t\t\t<\/div>\n\t\t<\/div>\n\t\t\t\t<div class=\"elementor-column elementor-col-50 elementor-inner-column elementor-element elementor-element-1fcfd224\" data-id=\"1fcfd224\" data-element_type=\"column\">\n\t\t\t<div class=\"elementor-widget-wrap elementor-element-populated\">\n\t\t\t\t\t\t<div class=\"elementor-element elementor-element-7010c74 elementor-widget elementor-widget-shortcode\" data-id=\"7010c74\" data-element_type=\"widget\" data-widget_type=\"shortcode.default\">\n\t\t\t\t<div class=\"elementor-widget-container\">\n\t\t\t\t\t\t\t<div class=\"elementor-shortcode\"><div id=\"bookly-tbs\" class=\"bookly-js-cancellation-confirmation\">\n            <div class=\"text-center\">\n            <div>\n                <i class=\"fa fa-fw fas fa-exclamation-triangle fa-2x text-danger\"><\/i> Oops!            <\/div>\n            <div>This appointment does not exist.<\/div>\n        <\/div>\n    <\/div>\n<script type=\"text\/javascript\">\n    let booklyCancelConfirmationUrl = \"https:\\\/\\\/sotan.mx\\\/wp-admin\\\/admin-ajax.php?action=bookly_cancel_appointment\";\n    \/\/ Click on 'Do not cancel' button\n    let links = document.getElementsByClassName('bookly-js-cancellation-confirmation-no');\n    for (var i = 0; i < links.length; i++) {\n        if (links[i].onclick == undefined) {\n            links[i].onclick = function (e) {\n                e.preventDefault();\n                var container = this.closest('.bookly-js-cancellation-confirmation'),\n                    buttons = container.getElementsByClassName('bookly-js-cancellation-confirmation-buttons')[0],\n                    message = container.getElementsByClassName('bookly-js-cancellation-confirmation-message')[0];\n                buttons.style.display = 'none';\n                message.style.display = 'inline';\n            };\n        }\n    }\n    \/\/ Click on 'Confirm cancellation' button\n    links = document.getElementsByClassName('bookly-js-cancellation-confirmation-yes');\n    for (i = 0; i < links.length; i++) {\n        if (links[i].onclick == undefined) {\n            links[i].onclick = function(e) {\n                e.preventDefault();\n                var url = booklyCancelConfirmationUrl + String.fromCharCode(38) + 'token=' + this.dataset.token,\n                    $reason = this.closest('.bookly-js-cancellation-confirmation-buttons').querySelector('.bookly-js-cancellation-confirmation-reason');\n                if ($reason !== null) {\n                    url += String.fromCharCode(38) + 'reason=' + encodeURIComponent($reason.value)\n                }\n                window.location.replace(url)\n            };\n        }\n    }\n    <\/script><\/div>\n\t\t\t\t\t\t<\/div>\n\t\t\t\t<\/div>\n\t\t\t\t\t<\/div>\n\t\t<\/div>\n\t\t\t\t\t<\/div>\n\t\t<\/section>\n\t\t\t\t<\/div>","protected":false},"excerpt":{"rendered":"<p>Cambios o cancelaciones Para cambios o cancelaciones en tu cita, deber\u00e1s hacerlo con 24 hrs de anticipaci\u00f3n, de no ser as\u00ed, la cita no es reembolsable.&nbsp; Se puede reagendar una sola vez y debe de ser dentro de los siguientes 3 meses de tu cita original. Todas las citas son \u00fanicas e intransferibles. REAGENDAR<\/p>","protected":false},"author":2,"featured_media":0,"parent":0,"menu_order":0,"comment_status":"closed","ping_status":"closed","template":"","meta":{"footnotes":""},"class_list":["post-3830","page","type-page","status-publish","hentry"],"yoast_head":"<!-- This site is optimized with the Yoast SEO Premium plugin v20.13 (Yoast SEO v25.8) - https:\/\/yoast.com\/wordpress\/plugins\/seo\/ -->\n<title>Cancelar cita - Sotan<\/title>\n<meta name=\"robots\" content=\"index, follow, max-snippet:-1, max-image-preview:large, max-video-preview:-1\" \/>\n<link rel=\"canonical\" href=\"https:\/\/sotan.mx\/en\/cancelar-cita\/\" \/>\n<meta property=\"og:locale\" content=\"en_US\" \/>\n<meta property=\"og:type\" content=\"article\" \/>\n<meta property=\"og:title\" content=\"Cancelar cita\" \/>\n<meta property=\"og:description\" content=\"Cambios o cancelaciones Para cambios o cancelaciones en tu cita, deber\u00e1s hacerlo con 24 hrs de anticipaci\u00f3n, de no ser as\u00ed, la cita no es reembolsable.&nbsp; Se puede reagendar una sola vez y debe de ser dentro de los siguientes 3 meses de tu cita original. Todas las citas son \u00fanicas e intransferibles. REAGENDAR\" \/>\n<meta property=\"og:url\" content=\"https:\/\/sotan.mx\/en\/cancelar-cita\/\" \/>\n<meta property=\"og:site_name\" content=\"Sotan\" \/>\n<meta property=\"article:publisher\" content=\"https:\/\/www.facebook.com\/SoTan.onthego\" \/>\n<meta property=\"article:modified_time\" content=\"2023-03-14T16:50:27+00:00\" \/>\n<meta property=\"og:image\" content=\"https:\/\/sotan.mx\/wp-content\/uploads\/elementor\/thumbs\/cropped-dsf-q0f60047qi3ensgw42seofnv6tpj5oyemu1hm0ainc.png\" \/>\n<meta name=\"twitter:card\" content=\"summary_large_image\" \/>\n<script type=\"application\/ld+json\" class=\"yoast-schema-graph\">{\"@context\":\"https:\/\/schema.org\",\"@graph\":[{\"@type\":\"WebPage\",\"@id\":\"https:\/\/sotan.mx\/cancelar-cita\/\",\"url\":\"https:\/\/sotan.mx\/cancelar-cita\/\",\"name\":\"Cancelar cita - Sotan\",\"isPartOf\":{\"@id\":\"https:\/\/sotan.mx\/#website\"},\"primaryImageOfPage\":{\"@id\":\"https:\/\/sotan.mx\/cancelar-cita\/#primaryimage\"},\"image\":{\"@id\":\"https:\/\/sotan.mx\/cancelar-cita\/#primaryimage\"},\"thumbnailUrl\":\"https:\/\/sotan.mx\/wp-content\/uploads\/elementor\/thumbs\/cropped-dsf-q0f60047qi3ensgw42seofnv6tpj5oyemu1hm0ainc.png\",\"datePublished\":\"2023-02-16T01:08:37+00:00\",\"dateModified\":\"2023-03-14T16:50:27+00:00\",\"breadcrumb\":{\"@id\":\"https:\/\/sotan.mx\/cancelar-cita\/#breadcrumb\"},\"inLanguage\":\"en-US\",\"potentialAction\":[{\"@type\":\"ReadAction\",\"target\":[\"https:\/\/sotan.mx\/cancelar-cita\/\"]}]},{\"@type\":\"ImageObject\",\"inLanguage\":\"en-US\",\"@id\":\"https:\/\/sotan.mx\/cancelar-cita\/#primaryimage\",\"url\":\"https:\/\/sotan.mx\/wp-content\/uploads\/elementor\/thumbs\/cropped-dsf-q0f60047qi3ensgw42seofnv6tpj5oyemu1hm0ainc.png\",\"contentUrl\":\"https:\/\/sotan.mx\/wp-content\/uploads\/elementor\/thumbs\/cropped-dsf-q0f60047qi3ensgw42seofnv6tpj5oyemu1hm0ainc.png\"},{\"@type\":\"BreadcrumbList\",\"@id\":\"https:\/\/sotan.mx\/cancelar-cita\/#breadcrumb\",\"itemListElement\":[{\"@type\":\"ListItem\",\"position\":1,\"name\":\"Home\",\"item\":\"https:\/\/sotan.mx\/\"},{\"@type\":\"ListItem\",\"position\":2,\"name\":\"Cancelar cita\"}]},{\"@type\":\"WebSite\",\"@id\":\"https:\/\/sotan.mx\/#website\",\"url\":\"https:\/\/sotan.mx\/\",\"name\":\"Sotan\",\"description\":\"Bronceado org\u00e1nico realizado con aer\u00f3grafo\",\"publisher\":{\"@id\":\"https:\/\/sotan.mx\/#organization\"},\"alternateName\":\"Sotan.mx\",\"potentialAction\":[{\"@type\":\"SearchAction\",\"target\":{\"@type\":\"EntryPoint\",\"urlTemplate\":\"https:\/\/sotan.mx\/?s={search_term_string}\"},\"query-input\":{\"@type\":\"PropertyValueSpecification\",\"valueRequired\":true,\"valueName\":\"search_term_string\"}}],\"inLanguage\":\"en-US\"},{\"@type\":\"Organization\",\"@id\":\"https:\/\/sotan.mx\/#organization\",\"name\":\"Sotan.mx\",\"url\":\"https:\/\/sotan.mx\/\",\"logo\":{\"@type\":\"ImageObject\",\"inLanguage\":\"en-US\",\"@id\":\"https:\/\/sotan.mx\/#\/schema\/logo\/image\/\",\"url\":\"https:\/\/sotan.mx\/wp-content\/uploads\/2023\/07\/logo_movile.jpg\",\"contentUrl\":\"https:\/\/sotan.mx\/wp-content\/uploads\/2023\/07\/logo_movile.jpg\",\"width\":373,\"height\":110,\"caption\":\"Sotan.mx\"},\"image\":{\"@id\":\"https:\/\/sotan.mx\/#\/schema\/logo\/image\/\"},\"sameAs\":[\"https:\/\/www.facebook.com\/SoTan.onthego\",\"https:\/\/www.instagram.com\/sotanmx\/\"]}]}<\/script>\n<!-- \/ Yoast SEO Premium plugin. -->","yoast_head_json":{"title":"Cancelar cita - Sotan","robots":{"index":"index","follow":"follow","max-snippet":"max-snippet:-1","max-image-preview":"max-image-preview:large","max-video-preview":"max-video-preview:-1"},"canonical":"https:\/\/sotan.mx\/en\/cancelar-cita\/","og_locale":"en_US","og_type":"article","og_title":"Cancelar cita","og_description":"Cambios o cancelaciones Para cambios o cancelaciones en tu cita, deber\u00e1s hacerlo con 24 hrs de anticipaci\u00f3n, de no ser as\u00ed, la cita no es reembolsable.&nbsp; Se puede reagendar una sola vez y debe de ser dentro de los siguientes 3 meses de tu cita original. Todas las citas son \u00fanicas e intransferibles. REAGENDAR","og_url":"https:\/\/sotan.mx\/en\/cancelar-cita\/","og_site_name":"Sotan","article_publisher":"https:\/\/www.facebook.com\/SoTan.onthego","article_modified_time":"2023-03-14T16:50:27+00:00","og_image":[{"url":"https:\/\/sotan.mx\/wp-content\/uploads\/elementor\/thumbs\/cropped-dsf-q0f60047qi3ensgw42seofnv6tpj5oyemu1hm0ainc.png","type":"","width":"","height":""}],"twitter_card":"summary_large_image","schema":{"@context":"https:\/\/schema.org","@graph":[{"@type":"WebPage","@id":"https:\/\/sotan.mx\/cancelar-cita\/","url":"https:\/\/sotan.mx\/cancelar-cita\/","name":"Cancelar cita - Sotan","isPartOf":{"@id":"https:\/\/sotan.mx\/#website"},"primaryImageOfPage":{"@id":"https:\/\/sotan.mx\/cancelar-cita\/#primaryimage"},"image":{"@id":"https:\/\/sotan.mx\/cancelar-cita\/#primaryimage"},"thumbnailUrl":"https:\/\/sotan.mx\/wp-content\/uploads\/elementor\/thumbs\/cropped-dsf-q0f60047qi3ensgw42seofnv6tpj5oyemu1hm0ainc.png","datePublished":"2023-02-16T01:08:37+00:00","dateModified":"2023-03-14T16:50:27+00:00","breadcrumb":{"@id":"https:\/\/sotan.mx\/cancelar-cita\/#breadcrumb"},"inLanguage":"en-US","potentialAction":[{"@type":"ReadAction","target":["https:\/\/sotan.mx\/cancelar-cita\/"]}]},{"@type":"ImageObject","inLanguage":"en-US","@id":"https:\/\/sotan.mx\/cancelar-cita\/#primaryimage","url":"https:\/\/sotan.mx\/wp-content\/uploads\/elementor\/thumbs\/cropped-dsf-q0f60047qi3ensgw42seofnv6tpj5oyemu1hm0ainc.png","contentUrl":"https:\/\/sotan.mx\/wp-content\/uploads\/elementor\/thumbs\/cropped-dsf-q0f60047qi3ensgw42seofnv6tpj5oyemu1hm0ainc.png"},{"@type":"BreadcrumbList","@id":"https:\/\/sotan.mx\/cancelar-cita\/#breadcrumb","itemListElement":[{"@type":"ListItem","position":1,"name":"Home","item":"https:\/\/sotan.mx\/"},{"@type":"ListItem","position":2,"name":"Cancelar cita"}]},{"@type":"WebSite","@id":"https:\/\/sotan.mx\/#website","url":"https:\/\/sotan.mx\/","name":"Sotan","description":"Bronceado org\u00e1nico realizado con aer\u00f3grafo","publisher":{"@id":"https:\/\/sotan.mx\/#organization"},"alternateName":"Sotan.mx","potentialAction":[{"@type":"SearchAction","target":{"@type":"EntryPoint","urlTemplate":"https:\/\/sotan.mx\/?s={search_term_string}"},"query-input":{"@type":"PropertyValueSpecification","valueRequired":true,"valueName":"search_term_string"}}],"inLanguage":"en-US"},{"@type":"Organization","@id":"https:\/\/sotan.mx\/#organization","name":"Sotan.mx","url":"https:\/\/sotan.mx\/","logo":{"@type":"ImageObject","inLanguage":"en-US","@id":"https:\/\/sotan.mx\/#\/schema\/logo\/image\/","url":"https:\/\/sotan.mx\/wp-content\/uploads\/2023\/07\/logo_movile.jpg","contentUrl":"https:\/\/sotan.mx\/wp-content\/uploads\/2023\/07\/logo_movile.jpg","width":373,"height":110,"caption":"Sotan.mx"},"image":{"@id":"https:\/\/sotan.mx\/#\/schema\/logo\/image\/"},"sameAs":["https:\/\/www.facebook.com\/SoTan.onthego","https:\/\/www.instagram.com\/sotanmx\/"]}]}},"_links":{"self":[{"href":"https:\/\/sotan.mx\/en\/wp-json\/wp\/v2\/pages\/3830","targetHints":{"allow":["GET"]}}],"collection":[{"href":"https:\/\/sotan.mx\/en\/wp-json\/wp\/v2\/pages"}],"about":[{"href":"https:\/\/sotan.mx\/en\/wp-json\/wp\/v2\/types\/page"}],"author":[{"embeddable":true,"href":"https:\/\/sotan.mx\/en\/wp-json\/wp\/v2\/users\/2"}],"replies":[{"embeddable":true,"href":"https:\/\/sotan.mx\/en\/wp-json\/wp\/v2\/comments?post=3830"}],"version-history":[{"count":13,"href":"https:\/\/sotan.mx\/en\/wp-json\/wp\/v2\/pages\/3830\/revisions"}],"predecessor-version":[{"id":4441,"href":"https:\/\/sotan.mx\/en\/wp-json\/wp\/v2\/pages\/3830\/revisions\/4441"}],"wp:attachment":[{"href":"https:\/\/sotan.mx\/en\/wp-json\/wp\/v2\/media?parent=3830"}],"curies":[{"name":"wp","href":"https:\/\/api.w.org\/{rel}","templated":true}]}}