{"id":5384,"date":"2023-04-24T13:02:51","date_gmt":"2023-04-24T19:02:51","guid":{"rendered":"https:\/\/sotan.mx\/?page_id=5384"},"modified":"2023-04-24T13:38:46","modified_gmt":"2023-04-24T19:38:46","slug":"aviso-de-privacidad","status":"publish","type":"page","link":"https:\/\/sotan.mx\/en\/aviso-de-privacidad\/","title":{"rendered":"Terms of Use"},"content":{"rendered":"<div data-elementor-type=\"wp-page\" data-elementor-id=\"5384\" class=\"elementor elementor-5384\" data-elementor-post-type=\"page\">\n\t\t\t\t\t\t<section class=\"elementor-section elementor-top-section elementor-element elementor-element-28e5fbb elementor-section-boxed elementor-section-height-default elementor-section-height-default\" data-id=\"28e5fbb\" data-element_type=\"section\">\n\t\t\t\t\t\t<div class=\"elementor-container elementor-column-gap-default\">\n\t\t\t\t\t<div class=\"elementor-column elementor-col-100 elementor-top-column elementor-element elementor-element-5cb47de\" data-id=\"5cb47de\" data-element_type=\"column\">\n\t\t\t<div class=\"elementor-widget-wrap elementor-element-populated\">\n\t\t\t\t\t\t<div class=\"elementor-element elementor-element-2f7fc0b elementor-widget elementor-widget-heading\" data-id=\"2f7fc0b\" data-element_type=\"widget\" data-widget_type=\"heading.default\">\n\t\t\t\t<div class=\"elementor-widget-container\">\n\t\t\t\t\t<h2 class=\"elementor-heading-title elementor-size-default\">Aviso de Privacidad SOTAN<\/h2>\t\t\t\t<\/div>\n\t\t\t\t<\/div>\n\t\t\t\t<div class=\"elementor-element elementor-element-49de9db elementor-widget elementor-widget-text-editor\" data-id=\"49de9db\" data-element_type=\"widget\" data-widget_type=\"text-editor.default\">\n\t\t\t\t<div class=\"elementor-widget-container\">\n\t\t\t\t\t\t\t\t\t<p>El equipo de SoTan, con domicilio en Avenida Eje L\u00e1zaro C\u00e1rdenas 795, Colonia Indistrial Vallejo, CP 07700, CDMX, M\u00e9xico, seremos los responsables de tratar los datos personales que nos proporcione de conformidad con lo previsto en la Ley Federal de Protecci\u00f3n de Datos Personales en Posesi\u00f3n de los Particulares, su Reglamento y los Lineamientos del Aviso de Privacidad, por medio del presente, le damos a conocer a usted (indistintamente \u201cUsted\u201d o el \u201cTitular\u201d), nuestro aviso de privacidad (el \u201cAviso de Privacidad\u201d), el cual le aplicara a usted como cliente, usuario, proveedor de servicios o empleado de SoTan. Cuando usted nos facilita informaci\u00f3n de car\u00e1cter personal a trav\u00e9s de https:\/\/www.sotan.mx, (el \u201csitio web\u201d), SoTan respeta su intimidad y los derechos que le reconoce la normativa sobre protecci\u00f3n de datos de car\u00e1cter personal. Por ello, es importante que entienda qu\u00e9 informaci\u00f3n recabamos acerca de usted durante su visita y qu\u00e9 hacemos con dicha informaci\u00f3n. Salvo que se indique lo contrario o se establezcan particularidades, este Aviso de Privacidad es aplicable a la informaci\u00f3n que recopilemos a trav\u00e9s del sitio web, correos electr\u00f3nicos y otros posibles medios de comunicaci\u00f3n, tales como redes sociales, tel\u00e9fonos inteligentes, sitios web de terceros relacionados con SoTan, entre otros. En cualquier caso, SoTan garantiza en todo momento el \u00edntegro y pleno cumplimiento de las obligaciones establecidas por la Ley Federal de Protecci\u00f3n de Datos Personales en Posesi\u00f3n de los Particulares publicada en el Diario Oficial de la Federaci\u00f3n el d\u00eda 5 de julio de 2010 (en lo sucesivo la \u201cLey\u201d). SoTan puede modificar esta Pol\u00edtica de Privacidad en funci\u00f3n de exigencias legislativas, reglamentarias, o con la finalidad de adaptar dicha pol\u00edtica a las instrucciones dictadas por la Agencia de Protecci\u00f3n de Datos, por ello se aconseja a los usuarios que la visiten peri\u00f3dicamente. SoTan tiene plena conciencia del uso y tratamiento que se debe dar a los datos personales que se puedan requerir o que se puedan obtener de los usuarios en sus p\u00e1ginas web con el fin de gestionar los servicios ofrecidos o para remitirles comunicaciones comerciales de productos o servicios que puedan resultar de su inter\u00e9s. SoTan adoptar\u00e1 las medidas de \u00edndole t\u00e9cnica y organizativa necesarias para garantizar la seguridad de los datos de car\u00e1cter personal y evitar as\u00ed su alteraci\u00f3n, p\u00e9rdida, tratamiento o acceso no autorizado, habida cuenta del estado de la tecnolog\u00eda de acuerdo con lo establecido por la Ley. Los usuarios responder\u00e1n, en cualquier caso, de la veracidad de los datos facilitados y se hacen responsables de comunicar a SoTan cualquier modificaci\u00f3n en los mismos, quedando SoTan exento de cualquier tipo de responsabilidad en este sentido. En atenci\u00f3n a lo dispuesto por la legislaci\u00f3n aplicable, usted acepta el tratamiento de sus datos personales de conformidad con este Aviso de Privacidad.<\/p>\n<p><strong>2.- INFORMACI\u00d3N QUE RECOLECTAMOS Y SUS FINALIDADES<\/strong><\/p>\n<p>El \u201csitio web\u201d, adem\u00e1s de la informaci\u00f3n que usted mismo nos proporciona \u2013 la cual incluye de manera enunciativa m\u00e1s no limitativa el nombre(s), apellido paterno y materno, domicilio, correo electr\u00f3nico, n\u00famero telef\u00f3nico o redes sociales \u2013 recolecta informaci\u00f3n como, direcci\u00f3n IP, tipo de navegador, tiempo de duraci\u00f3n de tu visita a nuestro sitio, veces que visitas nuestro sitio, preferencias de configuraci\u00f3n, p\u00e1ginas visitadas en nuestro sitio, localizaci\u00f3n, etc. No solicitaremos en ning\u00fan momento, \u201cdatos personales sensibles\u201d de nuestros usuarios. Dicha informaci\u00f3n se utiliza para mantener y gestionar la relaci\u00f3n con el usuario y proporcionar informaci\u00f3n sobre SoTan y sus productos, para venta de productos, as\u00ed como para fines estad\u00edsticos y de mejora en la calidad en el servicio. Al igual que su informaci\u00f3n personal, los datos mencionados en este punto est\u00e1n a salvo con nosotros. No hay finalidades derivadas. Dado que no hay finalidades derivadas ni originarias, no aplica el mecanismo referido. Si existen, se deber\u00e1n incluir las finalidades relativas al tratamiento para fines mercadot\u00e9cnicos, publicitarios o prospecci\u00f3n comercial.<\/p>\n<p><strong>3.- TRANSFERENCIA DE SUS DATOS<\/strong><\/p>\n<p>Al aceptar el tratamiento de sus datos de acuerdo con este Aviso de Privacidad, usted autoriza a SoTan a transferir los datos que nos proporcione o aquellos que recolectemos, a los socios comerciales de SoTan, ya sean personas f\u00edsicas o morales, nacionales o extranjeras as\u00ed como a empresas filiales o subsidiarias, sin necesidad de su consentimiento. Se transfieren sus datos personales para mantener la relaci\u00f3n con el usuario as\u00ed como para fines estad\u00edsticos y de mejora en la calidad de nuestros productos y servicios. En todo momento, SoTan se asegurar\u00e1 de que sus socios comerciales y terceros conozcan el presente Aviso de Privacidad y se obliguen a acatarlo y respetarlo.<\/p>\n<p><strong>4.- DE LOS MEDIOS PARA EJERCER LOS DERECHOS ARCO: <\/strong><\/p>\n<p>Los usuarios podr\u00e1n en todo momento ejercitar los derechos de acceso, rectificaci\u00f3n, cancelaci\u00f3n y oposici\u00f3n, (los \u201cDerechos Arco\u201d). Para el ejercicio de los Derechos Arco deber\u00e1 dirigir su respectiva solicitud en forma escrita al siguiente correo electr\u00f3nico: contacto@sotan.mx. La solicitud para ejercer los Derechos Arco deber\u00e1 contener y estar acompa\u00f1ada de la siguiente informaci\u00f3n: (i) el nombre del titular, su domicilio y\/o correo electr\u00f3nico y cualquier otro medio para comunicarle la respuesta a su solicitud; (ii) los documentos oficiales que acrediten la identidad, o en su caso, la representaci\u00f3n legal del titular; (iii) la descripci\u00f3n clara y precisa de los datos respecto de los que se busca ejercer alguno de los derechos antes mencionados; y (iv) cualquier otro elemento o documento que facilite la localizaci\u00f3n de los datos. Recibido el escrito porque se nos indique que har\u00e1 uso de sus Derecho Arco, tendremos 15 d\u00edas h\u00e1biles para analizar, atender y enviarle la respuesta correspondiente. El medio por el cual le enviaremos nuestra conclusi\u00f3n, ser\u00e1 aquel que nos sea indicado por Usted en su solicitud o, en su defecto, por el mismo medio por el cual no hizo llegar su escrito. De los Mecanismos de Comunicaci\u00f3n: Cualquier comunicaci\u00f3n que desee dirigirse con motivo del presente Aviso de Privacidad o para limitar el uso y divulgaci\u00f3n de sus Datos, diferentes a los proporcionados para el ejercicio de los Derecho Arco, deber\u00e1n mencionar de manera clara y precisa: (i) el nombre del titular, su domicilio y\/o correo electr\u00f3nico; (ii) los documentos oficiales que acrediten la identidad, o en su caso, la representaci\u00f3n legal del titular; y (iii) el objeto de su comunicaci\u00f3n.<\/p>\n<p><strong>&nbsp;<\/strong><\/p>\n<p><strong> 5.- INFORMACI\u00d3N DE CAR\u00c1CTER NO PERSONAL <\/strong><\/p>\n<p>Se trata de informaci\u00f3n sobre los usuarios que se registra de forma que no refleje ni haga referencia a un usuario, es decir, de forma an\u00f3nima, de modo que se pueda identificar al usuario de forma individual. Cookies Para la utilizaci\u00f3n de este Sitio Web, es necesaria la utilizaci\u00f3n de cookies y peque\u00f1os ficheros de datos. Las cookies se utilizan con la finalidad de mejorar el servicio prestado por SoTan y son aceptadas por el Usuario en el momento de acceder al Sitio Web. En ning\u00fan caso se almacenar\u00e1 ning\u00fan tipo de informaci\u00f3n personal relativa a los Usuarios y toda la informaci\u00f3n obtenida ser\u00e1 an\u00f3nima. Si el Usuario lo desea, puede configurar su navegador para impedir la instalaci\u00f3n de cookies en su disco duro, para lo cual le aconsejamos que consulte las instrucciones y manuales de su navegador. Qu\u00e9 tipo de cookies utilizamos Las Cookies, en funci\u00f3n de su permanencia, pueden dividirse en Cookies de sesi\u00f3n o permanentes. Las primeras expiran cuando el usuario cierra el navegador. Las segundas expiran en funci\u00f3n cuando se cumpla el objetivo para el que sirven (por ejemplo, para que el usuario se mantenga identificado en el sitio web y servicios de SoTan o bien cuando se borran manualmente). Cach\u00e9 de datos Una cach\u00e9 de datos es un repositorio de datos de un dispositivo que puede, por ejemplo, permitir que una aplicaci\u00f3n web se ejecute sin conexi\u00f3n a Internet y mejorar el rendimiento de la aplicaci\u00f3n haciendo que el contenido se cargue de forma m\u00e1s r\u00e1pida. Direcci\u00f3n IP A todos los dispositivos conectados a Internet se les asigna un n\u00famero denominado direcci\u00f3n IP (de &#8220;Internet Protocol&#8221;, protocolo de Internet). Estos n\u00fameros suelen asignarse en bloques geogr\u00e1ficos. Una direcci\u00f3n IP se puede utilizar normalmente para identificar la ubicaci\u00f3n desde la que un dispositivo est\u00e1 conectado a Internet.<\/p>\n<p><strong> 6.- INFORMACI\u00d3N PERSONAL <\/strong><\/p>\n<p>Es la informaci\u00f3n proporcionada por los usuarios que permite identificarlos personalmente, como el nombre, la direcci\u00f3n de correo electr\u00f3nico u otro tipo de datos que SoTan pueda relacionar de manera razonable. Estos datos podr\u00e1n ser obtenidos a trav\u00e9s de formularios, y la informaci\u00f3n que se recabar\u00e1 ser\u00e1 la que usted proporcion\u00f3; creada por SoTan para uso de la organizaci\u00f3n y bajo su responsabilidad. El objeto de dicha base de datos es mantener y gestionar la relaci\u00f3n con el usuario y proporcionar informaci\u00f3n sobre SoTan y sus productos y servicios.<\/p>\n<p><strong>7.- MODIFICACIONES DE LAS POL\u00cdTICAS DE PRIVACIDAD <\/strong><\/p>\n<p>SoTan puede modificar estas condiciones para reflejar cambios legislativos o en los Servicios. Te recomendamos que consultes las condiciones de forma peri\u00f3dica. SoTan publicar\u00e1 avisos relacionados con las modificaciones de estas condiciones en este Sitio Web. Las modificaciones no se aplicar\u00e1n con car\u00e1cter retroactivo y entrar\u00e1n en vigor en un plazo de 15 d\u00edas a partir de la fecha de su publicaci\u00f3n. No obstante, las modificaciones que afecten a nuevas funciones de un Servicio o los cambios que se hagan por cuestiones legales entrar\u00e1n en vigor de forma inmediata. Si no aceptas las condiciones modificadas de un Servicio, deber\u00e1s dejar de usar dicho Servicio o de acceder al Sitio Web. En caso de que se presente una controversia que se derive del presente Aviso de Privacidad, las partes intentar\u00e1n primero resolverla a trav\u00e9s de negociaciones de buena fe, pudiendo ser asistidos por un mediador profesional. Si despu\u00e9s de un m\u00e1ximo de 30 d\u00edas h\u00e1biles de negociaci\u00f3n las partes no llegaren a un acuerdo, se estar\u00e1 a lo dispuesto por la Ley, aceptando las partes la intervenci\u00f3n que pudiere tener el Instituto Federal de Acceso a la Informaci\u00f3n y Protecci\u00f3n de Datos Personales. Al aceptar este Aviso de Privacidad, usted renuncia a cualquier otro fuero y legislaci\u00f3n que le pudiere corresponder. Este Aviso de Privacidad est\u00e1 regido por las leyes de la Ciudad de M\u00e9xico, y cualquier controversia ser\u00e1 resuelta frente a las autoridades competentes en la Ciudad de M\u00e9xico.<\/p>\n<p><strong>8.- AVISO DE FUNCIONAMIENTO, DE RESPONSABLE SANITARIO Y DE MODIFICACI\u00d3N O BAJA<\/strong><\/p><p><span style=\"color: var(--august-text-color); font-family: var(--august-main-font), Helvetica, Arial, sans-serif;\">&nbsp;COFEPRIS: 223300519X0623 \/ 223300536X0264<\/span><\/p>\t\t\t\t\t\t\t\t<\/div>\n\t\t\t\t<\/div>\n\t\t\t\t\t<\/div>\n\t\t<\/div>\n\t\t\t\t\t<\/div>\n\t\t<\/section>\n\t\t\t\t<\/div>","protected":false},"excerpt":{"rendered":"<p>Aviso de Privacidad SOTAN El equipo de SoTan, con domicilio en Avenida Eje L\u00e1zaro C\u00e1rdenas 795, Colonia Indistrial Vallejo, CP 07700, CDMX, M\u00e9xico, seremos los responsables de tratar los datos personales que nos proporcione de conformidad con lo previsto en la Ley Federal de Protecci\u00f3n de Datos Personales en Posesi\u00f3n de los Particulares, su Reglamento &hellip; <br \/><a href=\"https:\/\/sotan.mx\/en\/aviso-de-privacidad\/\" class=\"more-link\">Continue reading <span class=\"screen-reader-text\">Terms of Use<\/span><\/a><\/p>","protected":false},"author":2,"featured_media":0,"parent":0,"menu_order":0,"comment_status":"closed","ping_status":"closed","template":"","meta":{"footnotes":""},"class_list":["post-5384","page","type-page","status-publish","hentry"],"yoast_head":"<!-- This site is optimized with the Yoast SEO Premium plugin v20.13 (Yoast SEO v25.8) - https:\/\/yoast.com\/wordpress\/plugins\/seo\/ -->\n<title>Aviso de Privacidad - Sotan<\/title>\n<meta name=\"robots\" content=\"index, follow, max-snippet:-1, max-image-preview:large, max-video-preview:-1\" \/>\n<link rel=\"canonical\" href=\"https:\/\/sotan.mx\/en\/aviso-de-privacidad\/\" \/>\n<meta property=\"og:locale\" content=\"en_US\" \/>\n<meta property=\"og:type\" content=\"article\" \/>\n<meta property=\"og:title\" content=\"Aviso de Privacidad\" \/>\n<meta property=\"og:description\" content=\"Aviso de Privacidad SOTAN El equipo de SoTan, con domicilio en Avenida Eje L\u00e1zaro C\u00e1rdenas 795, Colonia Indistrial Vallejo, CP 07700, CDMX, M\u00e9xico, seremos los responsables de tratar los datos personales que nos proporcione de conformidad con lo previsto en la Ley Federal de Protecci\u00f3n de Datos Personales en Posesi\u00f3n de los Particulares, su Reglamento &hellip; Continue reading Aviso de Privacidad\" \/>\n<meta property=\"og:url\" content=\"https:\/\/sotan.mx\/en\/aviso-de-privacidad\/\" \/>\n<meta property=\"og:site_name\" content=\"Sotan\" \/>\n<meta property=\"article:publisher\" content=\"https:\/\/www.facebook.com\/SoTan.onthego\" \/>\n<meta property=\"article:modified_time\" content=\"2023-04-24T19:38:46+00:00\" \/>\n<meta property=\"og:image\" content=\"https:\/\/sotan.mx\/wp-content\/uploads\/2023\/08\/sotan.mx_.png\" \/>\n\t<meta property=\"og:image:width\" content=\"1200\" \/>\n\t<meta property=\"og:image:height\" content=\"675\" \/>\n\t<meta property=\"og:image:type\" content=\"image\/png\" \/>\n<meta name=\"twitter:card\" content=\"summary_large_image\" \/>\n<meta name=\"twitter:label1\" content=\"Est. reading time\" \/>\n\t<meta name=\"twitter:data1\" content=\"9 minutes\" \/>\n<script type=\"application\/ld+json\" class=\"yoast-schema-graph\">{\"@context\":\"https:\/\/schema.org\",\"@graph\":[{\"@type\":\"WebPage\",\"@id\":\"https:\/\/sotan.mx\/aviso-de-privacidad\/\",\"url\":\"https:\/\/sotan.mx\/aviso-de-privacidad\/\",\"name\":\"Aviso de Privacidad - Sotan\",\"isPartOf\":{\"@id\":\"https:\/\/sotan.mx\/#website\"},\"datePublished\":\"2023-04-24T19:02:51+00:00\",\"dateModified\":\"2023-04-24T19:38:46+00:00\",\"breadcrumb\":{\"@id\":\"https:\/\/sotan.mx\/aviso-de-privacidad\/#breadcrumb\"},\"inLanguage\":\"en-US\",\"potentialAction\":[{\"@type\":\"ReadAction\",\"target\":[\"https:\/\/sotan.mx\/aviso-de-privacidad\/\"]}]},{\"@type\":\"BreadcrumbList\",\"@id\":\"https:\/\/sotan.mx\/aviso-de-privacidad\/#breadcrumb\",\"itemListElement\":[{\"@type\":\"ListItem\",\"position\":1,\"name\":\"Home\",\"item\":\"https:\/\/sotan.mx\/\"},{\"@type\":\"ListItem\",\"position\":2,\"name\":\"Aviso de Privacidad\"}]},{\"@type\":\"WebSite\",\"@id\":\"https:\/\/sotan.mx\/#website\",\"url\":\"https:\/\/sotan.mx\/\",\"name\":\"Sotan\",\"description\":\"Bronceado org\u00e1nico realizado con aer\u00f3grafo\",\"publisher\":{\"@id\":\"https:\/\/sotan.mx\/#organization\"},\"alternateName\":\"Sotan.mx\",\"potentialAction\":[{\"@type\":\"SearchAction\",\"target\":{\"@type\":\"EntryPoint\",\"urlTemplate\":\"https:\/\/sotan.mx\/?s={search_term_string}\"},\"query-input\":{\"@type\":\"PropertyValueSpecification\",\"valueRequired\":true,\"valueName\":\"search_term_string\"}}],\"inLanguage\":\"en-US\"},{\"@type\":\"Organization\",\"@id\":\"https:\/\/sotan.mx\/#organization\",\"name\":\"Sotan.mx\",\"url\":\"https:\/\/sotan.mx\/\",\"logo\":{\"@type\":\"ImageObject\",\"inLanguage\":\"en-US\",\"@id\":\"https:\/\/sotan.mx\/#\/schema\/logo\/image\/\",\"url\":\"https:\/\/sotan.mx\/wp-content\/uploads\/2023\/07\/logo_movile.jpg\",\"contentUrl\":\"https:\/\/sotan.mx\/wp-content\/uploads\/2023\/07\/logo_movile.jpg\",\"width\":373,\"height\":110,\"caption\":\"Sotan.mx\"},\"image\":{\"@id\":\"https:\/\/sotan.mx\/#\/schema\/logo\/image\/\"},\"sameAs\":[\"https:\/\/www.facebook.com\/SoTan.onthego\",\"https:\/\/www.instagram.com\/sotanmx\/\"]}]}<\/script>\n<!-- \/ Yoast SEO Premium plugin. -->","yoast_head_json":{"title":"Aviso de Privacidad - Sotan","robots":{"index":"index","follow":"follow","max-snippet":"max-snippet:-1","max-image-preview":"max-image-preview:large","max-video-preview":"max-video-preview:-1"},"canonical":"https:\/\/sotan.mx\/en\/aviso-de-privacidad\/","og_locale":"en_US","og_type":"article","og_title":"Aviso de Privacidad","og_description":"Aviso de Privacidad SOTAN El equipo de SoTan, con domicilio en Avenida Eje L\u00e1zaro C\u00e1rdenas 795, Colonia Indistrial Vallejo, CP 07700, CDMX, M\u00e9xico, seremos los responsables de tratar los datos personales que nos proporcione de conformidad con lo previsto en la Ley Federal de Protecci\u00f3n de Datos Personales en Posesi\u00f3n de los Particulares, su Reglamento &hellip; Continue reading Aviso de Privacidad","og_url":"https:\/\/sotan.mx\/en\/aviso-de-privacidad\/","og_site_name":"Sotan","article_publisher":"https:\/\/www.facebook.com\/SoTan.onthego","article_modified_time":"2023-04-24T19:38:46+00:00","og_image":[{"width":1200,"height":675,"url":"https:\/\/sotan.mx\/wp-content\/uploads\/2023\/08\/sotan.mx_.png","type":"image\/png"}],"twitter_card":"summary_large_image","twitter_misc":{"Est. reading time":"9 minutes"},"schema":{"@context":"https:\/\/schema.org","@graph":[{"@type":"WebPage","@id":"https:\/\/sotan.mx\/aviso-de-privacidad\/","url":"https:\/\/sotan.mx\/aviso-de-privacidad\/","name":"Aviso de Privacidad - Sotan","isPartOf":{"@id":"https:\/\/sotan.mx\/#website"},"datePublished":"2023-04-24T19:02:51+00:00","dateModified":"2023-04-24T19:38:46+00:00","breadcrumb":{"@id":"https:\/\/sotan.mx\/aviso-de-privacidad\/#breadcrumb"},"inLanguage":"en-US","potentialAction":[{"@type":"ReadAction","target":["https:\/\/sotan.mx\/aviso-de-privacidad\/"]}]},{"@type":"BreadcrumbList","@id":"https:\/\/sotan.mx\/aviso-de-privacidad\/#breadcrumb","itemListElement":[{"@type":"ListItem","position":1,"name":"Home","item":"https:\/\/sotan.mx\/"},{"@type":"ListItem","position":2,"name":"Aviso de Privacidad"}]},{"@type":"WebSite","@id":"https:\/\/sotan.mx\/#website","url":"https:\/\/sotan.mx\/","name":"Sotan","description":"Bronceado org\u00e1nico realizado con aer\u00f3grafo","publisher":{"@id":"https:\/\/sotan.mx\/#organization"},"alternateName":"Sotan.mx","potentialAction":[{"@type":"SearchAction","target":{"@type":"EntryPoint","urlTemplate":"https:\/\/sotan.mx\/?s={search_term_string}"},"query-input":{"@type":"PropertyValueSpecification","valueRequired":true,"valueName":"search_term_string"}}],"inLanguage":"en-US"},{"@type":"Organization","@id":"https:\/\/sotan.mx\/#organization","name":"Sotan.mx","url":"https:\/\/sotan.mx\/","logo":{"@type":"ImageObject","inLanguage":"en-US","@id":"https:\/\/sotan.mx\/#\/schema\/logo\/image\/","url":"https:\/\/sotan.mx\/wp-content\/uploads\/2023\/07\/logo_movile.jpg","contentUrl":"https:\/\/sotan.mx\/wp-content\/uploads\/2023\/07\/logo_movile.jpg","width":373,"height":110,"caption":"Sotan.mx"},"image":{"@id":"https:\/\/sotan.mx\/#\/schema\/logo\/image\/"},"sameAs":["https:\/\/www.facebook.com\/SoTan.onthego","https:\/\/www.instagram.com\/sotanmx\/"]}]}},"_links":{"self":[{"href":"https:\/\/sotan.mx\/en\/wp-json\/wp\/v2\/pages\/5384","targetHints":{"allow":["GET"]}}],"collection":[{"href":"https:\/\/sotan.mx\/en\/wp-json\/wp\/v2\/pages"}],"about":[{"href":"https:\/\/sotan.mx\/en\/wp-json\/wp\/v2\/types\/page"}],"author":[{"embeddable":true,"href":"https:\/\/sotan.mx\/en\/wp-json\/wp\/v2\/users\/2"}],"replies":[{"embeddable":true,"href":"https:\/\/sotan.mx\/en\/wp-json\/wp\/v2\/comments?post=5384"}],"version-history":[{"count":16,"href":"https:\/\/sotan.mx\/en\/wp-json\/wp\/v2\/pages\/5384\/revisions"}],"predecessor-version":[{"id":5406,"href":"https:\/\/sotan.mx\/en\/wp-json\/wp\/v2\/pages\/5384\/revisions\/5406"}],"wp:attachment":[{"href":"https:\/\/sotan.mx\/en\/wp-json\/wp\/v2\/media?parent=5384"}],"curies":[{"name":"wp","href":"https:\/\/api.w.org\/{rel}","templated":true}]}}