{"id":17011,"date":"2024-11-04T19:44:25","date_gmt":"2024-11-05T01:44:25","guid":{"rendered":"https:\/\/sotan.mx\/?post_type=product&#038;p=17011"},"modified":"2025-09-17T13:28:39","modified_gmt":"2025-09-17T19:28:39","slug":"tools-kt","status":"publish","type":"product","link":"https:\/\/sotan.mx\/en\/tienda-sotan\/tools-kt\/","title":{"rendered":"Tools Kit"},"content":{"rendered":"","protected":false},"excerpt":{"rendered":"<p>Este kit trae todo lo que necesitas para que tu bronceado quede <strong>espectacular y sin manchas<\/strong>. Incluye:<\/p>\n<ul>\n<li><strong>Exfoliating Mitt<\/strong>: para dejar la piel lista, eliminando c\u00e9lulas muertas y logrando que el color quede parejo y dure m\u00e1s.<\/li>\n<li><strong>Tanning Mitt<\/strong>: ayuda a que el bronceado se aplique s\u00faper f\u00e1cil y parejo.<\/li>\n<li><strong>Brocha aplicadora<\/strong>: ideal para esos detalles y zonas dif\u00edciles, \u00a1manos, pies y cara!<\/li>\n<\/ul>\n<p>\u00a1tienes <strong>el must para cualquier bronceado<\/strong>! Tono perfecto, bronceado natural y sin complicaciones.<\/p>","protected":false},"featured_media":17012,"template":"","meta":[],"product_brand":[],"product_cat":[71,65],"product_tag":[],"class_list":{"0":"post-17011","1":"product","2":"type-product","3":"status-publish","4":"has-post-thumbnail","6":"product_cat-kit","7":"product_cat-accesorios","9":"first","10":"instock","11":"shipping-taxable","12":"purchasable","13":"product-type-simple"},"yoast_head":"<!-- This site is optimized with the Yoast SEO Premium plugin v20.13 (Yoast SEO v25.8) - https:\/\/yoast.com\/wordpress\/plugins\/seo\/ -->\n<title>Tools Kit - Sotan<\/title>\n<meta name=\"robots\" content=\"index, follow, max-snippet:-1, max-image-preview:large, max-video-preview:-1\" \/>\n<link rel=\"canonical\" href=\"https:\/\/sotan.mx\/en\/tienda-sotan\/tools-kt\/\" \/>\n<meta property=\"og:locale\" content=\"en_US\" \/>\n<meta property=\"og:type\" content=\"article\" \/>\n<meta property=\"og:title\" content=\"Tools Kit\" \/>\n<meta property=\"og:description\" content=\"Este kit trae todo lo que necesitas para que tu bronceado quede espectacular y sin manchas. Incluye:   Guante exfoliante: para dejar la piel lista, eliminando c\u00e9lulas muertas y logrando que el color quede parejo y dure m\u00e1s.  Guante aplicador: ayuda a que el bronceado se aplique s\u00faper f\u00e1cil y parejo.  Brocha aplicadora: ideal para esos detalles y zonas dif\u00edciles, \u00a1manos, pies y cara!  \u00a1tienes el must para cualquier bronceado! Tono perfecto, bronceado natural y sin complicaciones.\" \/>\n<meta property=\"og:url\" content=\"https:\/\/sotan.mx\/en\/tienda-sotan\/tools-kt\/\" \/>\n<meta property=\"og:site_name\" content=\"Sotan\" \/>\n<meta property=\"article:publisher\" content=\"https:\/\/www.facebook.com\/SoTan.onthego\" \/>\n<meta property=\"article:modified_time\" content=\"2025-09-17T19:28:39+00:00\" \/>\n<meta property=\"og:image\" content=\"https:\/\/sotan.mx\/wp-content\/uploads\/2024\/11\/fotos-pagina-sotan-24-1-scaled.jpg\" \/>\n\t<meta property=\"og:image:width\" content=\"2156\" \/>\n\t<meta property=\"og:image:height\" content=\"2560\" \/>\n\t<meta property=\"og:image:type\" content=\"image\/jpeg\" \/>\n<meta name=\"twitter:card\" content=\"summary_large_image\" \/>\n<meta name=\"twitter:label1\" content=\"Est. reading time\" \/>\n\t<meta name=\"twitter:data1\" content=\"1 minute\" \/>\n<script type=\"application\/ld+json\" class=\"yoast-schema-graph\">{\"@context\":\"https:\/\/schema.org\",\"@graph\":[{\"@type\":\"WebPage\",\"@id\":\"https:\/\/sotan.mx\/tienda-sotan\/tools-kt\/\",\"url\":\"https:\/\/sotan.mx\/tienda-sotan\/tools-kt\/\",\"name\":\"Tools Kit - Sotan\",\"isPartOf\":{\"@id\":\"https:\/\/sotan.mx\/#website\"},\"primaryImageOfPage\":{\"@id\":\"https:\/\/sotan.mx\/tienda-sotan\/tools-kt\/#primaryimage\"},\"image\":{\"@id\":\"https:\/\/sotan.mx\/tienda-sotan\/tools-kt\/#primaryimage\"},\"thumbnailUrl\":\"https:\/\/sotan.mx\/wp-content\/uploads\/2024\/11\/fotos-pagina-sotan-24-1-scaled.jpg\",\"datePublished\":\"2024-11-05T01:44:25+00:00\",\"dateModified\":\"2025-09-17T19:28:39+00:00\",\"breadcrumb\":{\"@id\":\"https:\/\/sotan.mx\/tienda-sotan\/tools-kt\/#breadcrumb\"},\"inLanguage\":\"en-US\",\"potentialAction\":[{\"@type\":\"ReadAction\",\"target\":[\"https:\/\/sotan.mx\/tienda-sotan\/tools-kt\/\"]}]},{\"@type\":\"ImageObject\",\"inLanguage\":\"en-US\",\"@id\":\"https:\/\/sotan.mx\/tienda-sotan\/tools-kt\/#primaryimage\",\"url\":\"https:\/\/sotan.mx\/wp-content\/uploads\/2024\/11\/fotos-pagina-sotan-24-1-scaled.jpg\",\"contentUrl\":\"https:\/\/sotan.mx\/wp-content\/uploads\/2024\/11\/fotos-pagina-sotan-24-1-scaled.jpg\",\"width\":2156,\"height\":2560},{\"@type\":\"BreadcrumbList\",\"@id\":\"https:\/\/sotan.mx\/tienda-sotan\/tools-kt\/#breadcrumb\",\"itemListElement\":[{\"@type\":\"ListItem\",\"position\":1,\"name\":\"Home\",\"item\":\"https:\/\/sotan.mx\/\"},{\"@type\":\"ListItem\",\"position\":2,\"name\":\"Productos\",\"item\":\"https:\/\/sotan.mx\/tienda-sotan__trashed\/\"},{\"@type\":\"ListItem\",\"position\":3,\"name\":\"Tools Kit\"}]},{\"@type\":\"WebSite\",\"@id\":\"https:\/\/sotan.mx\/#website\",\"url\":\"https:\/\/sotan.mx\/\",\"name\":\"Sotan\",\"description\":\"Bronceado org\u00e1nico realizado con aer\u00f3grafo\",\"publisher\":{\"@id\":\"https:\/\/sotan.mx\/#organization\"},\"alternateName\":\"Sotan.mx\",\"potentialAction\":[{\"@type\":\"SearchAction\",\"target\":{\"@type\":\"EntryPoint\",\"urlTemplate\":\"https:\/\/sotan.mx\/?s={search_term_string}\"},\"query-input\":{\"@type\":\"PropertyValueSpecification\",\"valueRequired\":true,\"valueName\":\"search_term_string\"}}],\"inLanguage\":\"en-US\"},{\"@type\":\"Organization\",\"@id\":\"https:\/\/sotan.mx\/#organization\",\"name\":\"Sotan.mx\",\"url\":\"https:\/\/sotan.mx\/\",\"logo\":{\"@type\":\"ImageObject\",\"inLanguage\":\"en-US\",\"@id\":\"https:\/\/sotan.mx\/#\/schema\/logo\/image\/\",\"url\":\"https:\/\/sotan.mx\/wp-content\/uploads\/2023\/07\/logo_movile.jpg\",\"contentUrl\":\"https:\/\/sotan.mx\/wp-content\/uploads\/2023\/07\/logo_movile.jpg\",\"width\":373,\"height\":110,\"caption\":\"Sotan.mx\"},\"image\":{\"@id\":\"https:\/\/sotan.mx\/#\/schema\/logo\/image\/\"},\"sameAs\":[\"https:\/\/www.facebook.com\/SoTan.onthego\",\"https:\/\/www.instagram.com\/sotanmx\/\"]}]}<\/script>\n<!-- \/ Yoast SEO Premium plugin. -->","yoast_head_json":{"title":"Tools Kit - Sotan","robots":{"index":"index","follow":"follow","max-snippet":"max-snippet:-1","max-image-preview":"max-image-preview:large","max-video-preview":"max-video-preview:-1"},"canonical":"https:\/\/sotan.mx\/en\/tienda-sotan\/tools-kt\/","og_locale":"en_US","og_type":"article","og_title":"Tools Kit","og_description":"Este kit trae todo lo que necesitas para que tu bronceado quede espectacular y sin manchas. Incluye:   Guante exfoliante: para dejar la piel lista, eliminando c\u00e9lulas muertas y logrando que el color quede parejo y dure m\u00e1s.  Guante aplicador: ayuda a que el bronceado se aplique s\u00faper f\u00e1cil y parejo.  Brocha aplicadora: ideal para esos detalles y zonas dif\u00edciles, \u00a1manos, pies y cara!  \u00a1tienes el must para cualquier bronceado! Tono perfecto, bronceado natural y sin complicaciones.","og_url":"https:\/\/sotan.mx\/en\/tienda-sotan\/tools-kt\/","og_site_name":"Sotan","article_publisher":"https:\/\/www.facebook.com\/SoTan.onthego","article_modified_time":"2025-09-17T19:28:39+00:00","og_image":[{"width":2156,"height":2560,"url":"https:\/\/sotan.mx\/wp-content\/uploads\/2024\/11\/fotos-pagina-sotan-24-1-scaled.jpg","type":"image\/jpeg"}],"twitter_card":"summary_large_image","twitter_misc":{"Est. reading time":"1 minute"},"schema":{"@context":"https:\/\/schema.org","@graph":[{"@type":"WebPage","@id":"https:\/\/sotan.mx\/tienda-sotan\/tools-kt\/","url":"https:\/\/sotan.mx\/tienda-sotan\/tools-kt\/","name":"Tools Kit - Sotan","isPartOf":{"@id":"https:\/\/sotan.mx\/#website"},"primaryImageOfPage":{"@id":"https:\/\/sotan.mx\/tienda-sotan\/tools-kt\/#primaryimage"},"image":{"@id":"https:\/\/sotan.mx\/tienda-sotan\/tools-kt\/#primaryimage"},"thumbnailUrl":"https:\/\/sotan.mx\/wp-content\/uploads\/2024\/11\/fotos-pagina-sotan-24-1-scaled.jpg","datePublished":"2024-11-05T01:44:25+00:00","dateModified":"2025-09-17T19:28:39+00:00","breadcrumb":{"@id":"https:\/\/sotan.mx\/tienda-sotan\/tools-kt\/#breadcrumb"},"inLanguage":"en-US","potentialAction":[{"@type":"ReadAction","target":["https:\/\/sotan.mx\/tienda-sotan\/tools-kt\/"]}]},{"@type":"ImageObject","inLanguage":"en-US","@id":"https:\/\/sotan.mx\/tienda-sotan\/tools-kt\/#primaryimage","url":"https:\/\/sotan.mx\/wp-content\/uploads\/2024\/11\/fotos-pagina-sotan-24-1-scaled.jpg","contentUrl":"https:\/\/sotan.mx\/wp-content\/uploads\/2024\/11\/fotos-pagina-sotan-24-1-scaled.jpg","width":2156,"height":2560},{"@type":"BreadcrumbList","@id":"https:\/\/sotan.mx\/tienda-sotan\/tools-kt\/#breadcrumb","itemListElement":[{"@type":"ListItem","position":1,"name":"Home","item":"https:\/\/sotan.mx\/"},{"@type":"ListItem","position":2,"name":"Productos","item":"https:\/\/sotan.mx\/tienda-sotan__trashed\/"},{"@type":"ListItem","position":3,"name":"Tools Kit"}]},{"@type":"WebSite","@id":"https:\/\/sotan.mx\/#website","url":"https:\/\/sotan.mx\/","name":"Sotan","description":"Bronceado org\u00e1nico realizado con aer\u00f3grafo","publisher":{"@id":"https:\/\/sotan.mx\/#organization"},"alternateName":"Sotan.mx","potentialAction":[{"@type":"SearchAction","target":{"@type":"EntryPoint","urlTemplate":"https:\/\/sotan.mx\/?s={search_term_string}"},"query-input":{"@type":"PropertyValueSpecification","valueRequired":true,"valueName":"search_term_string"}}],"inLanguage":"en-US"},{"@type":"Organization","@id":"https:\/\/sotan.mx\/#organization","name":"Sotan.mx","url":"https:\/\/sotan.mx\/","logo":{"@type":"ImageObject","inLanguage":"en-US","@id":"https:\/\/sotan.mx\/#\/schema\/logo\/image\/","url":"https:\/\/sotan.mx\/wp-content\/uploads\/2023\/07\/logo_movile.jpg","contentUrl":"https:\/\/sotan.mx\/wp-content\/uploads\/2023\/07\/logo_movile.jpg","width":373,"height":110,"caption":"Sotan.mx"},"image":{"@id":"https:\/\/sotan.mx\/#\/schema\/logo\/image\/"},"sameAs":["https:\/\/www.facebook.com\/SoTan.onthego","https:\/\/www.instagram.com\/sotanmx\/"]}]}},"_links":{"self":[{"href":"https:\/\/sotan.mx\/en\/wp-json\/wp\/v2\/product\/17011","targetHints":{"allow":["GET"]}}],"collection":[{"href":"https:\/\/sotan.mx\/en\/wp-json\/wp\/v2\/product"}],"about":[{"href":"https:\/\/sotan.mx\/en\/wp-json\/wp\/v2\/types\/product"}],"wp:featuredmedia":[{"embeddable":true,"href":"https:\/\/sotan.mx\/en\/wp-json\/wp\/v2\/media\/17012"}],"wp:attachment":[{"href":"https:\/\/sotan.mx\/en\/wp-json\/wp\/v2\/media?parent=17011"}],"wp:term":[{"taxonomy":"product_brand","embeddable":true,"href":"https:\/\/sotan.mx\/en\/wp-json\/wp\/v2\/product_brand?post=17011"},{"taxonomy":"product_cat","embeddable":true,"href":"https:\/\/sotan.mx\/en\/wp-json\/wp\/v2\/product_cat?post=17011"},{"taxonomy":"product_tag","embeddable":true,"href":"https:\/\/sotan.mx\/en\/wp-json\/wp\/v2\/product_tag?post=17011"}],"curies":[{"name":"wp","href":"https:\/\/api.w.org\/{rel}","templated":true}]}}