{"id":3341,"date":"2023-01-09T19:12:37","date_gmt":"2023-01-10T01:12:37","guid":{"rendered":"https:\/\/sotan.mx\/?post_type=product&#038;p=3341"},"modified":"2023-11-20T12:33:09","modified_gmt":"2023-11-20T18:33:09","slug":"membresia-bimestral","status":"publish","type":"product","link":"https:\/\/sotan.mx\/en\/tienda-sotan\/membresia-bimestral\/","title":{"rendered":"Bimonthly Membership"},"content":{"rendered":"<p>Bimonthly Membership<\/p>\n<p class=\"p1\">Adquiere esta membres\u00eda y disfruta de la mejor experiencia de bronceado a domicilio con nosotros.<span class=\"Apple-converted-space\">\u00a0<\/span><\/p>\n<p>&nbsp;<\/p>\n<p><b>PARABEN FREE | 100% ORGANIC | SULFATE FREE |  CRUELTY FREE |  NON COMEDOGENIC<\/b><\/p>\n<p class=\"p1\">Membres\u00eda Bimestral. Bronceado a domicilio. Un tratamiento de belleza f\u00e1cil y r\u00e1pido de aplicar y no da\u00f1ino para la piel . El m\u00e9todo m\u00e1s saludable para conseguir una piel radiante y bronceada.<\/p>\n<p>We recommend you to read our guide of steps prior to making your appointment with us<strong>.<\/strong> Is very important that you follow them to obtain the best experience with your tan. <a href=\"https:\/\/sotan.mx\/en\/guia-de-instrucciones\/\"><strong>HOW TO PREPARE FOR &amp; MAINTAIN YOUR TAN<\/strong><\/a><\/p>\n<p>Discover your ideal tone with\u00a0<a href=\"https:\/\/www-sotan-mx.involve.me\/tono\"><strong>OUR QUIZ<\/strong><\/a><\/p>","protected":false},"excerpt":{"rendered":"<p><b>6 BRONCEADOS<\/b><\/p>\n<p>Vigencia de 2 meses a partir del d\u00eda de pago. Si eres de las personas que le gusta estar broncead@ siempre, este paquete es para ti. Recomendamos broncearte cada 8 a 10 d\u00edas para mantener tu broncead@.<\/p>\n<p><strong>HOW I BOOK MY TAN?<\/strong><\/p>\n<p>1- After making you purchase, contact the phone number of your <span style=\"color: #808080;\"><strong><a style=\"color: #808080;\" href=\"https:\/\/linktr.ee\/sotanmx\"><span style=\"color: #000000;\">area<\/span><\/a><\/strong><\/span><\/p>\n<p>2- We will ask for the confirmation of your purchase<\/p>\n<p>3- We will send you a code so you can book your tans directly on the website on the day and time you want<\/p>\n<p>4- Valid only in coverage area<\/p>\n<p>6- Applies for Classic, Cosmo and Express service only<\/p>\n<p>6- Same terms and conditions apply for changes and cancellations on your bookings<\/p>\n<p>7- Is not transferable<\/p>\n<p>8- READY! We assure you that you will always look tanned with the perfect glow.<span class=\"Apple-converted-space\">\u00a0<\/span><\/p>","protected":false},"featured_media":7171,"template":"","meta":[],"product_brand":[],"product_cat":[72],"product_tag":[],"class_list":{"0":"post-3341","1":"product","2":"type-product","3":"status-publish","4":"has-post-thumbnail","6":"product_cat-paquetes-individuales","8":"first","9":"instock","10":"virtual","11":"purchasable","12":"product-type-simple"},"yoast_head":"<!-- This site is optimized with the Yoast SEO Premium plugin v20.13 (Yoast SEO v25.8) - https:\/\/yoast.com\/wordpress\/plugins\/seo\/ -->\n<title>Membres\u00eda Bimestral - Sotan<\/title>\n<meta name=\"description\" content=\"Membres\u00eda Bimestral. Adquiere esta membres\u00eda y disfruta de la mejor experiencia de bronceado a domicilio con nosotros. Realizar la reservaci\u00f3n es muy f\u00e1cil.\" \/>\n<meta name=\"robots\" content=\"index, follow, max-snippet:-1, max-image-preview:large, max-video-preview:-1\" \/>\n<link rel=\"canonical\" href=\"https:\/\/sotan.mx\/en\/tienda-sotan\/membresia-bimestral\/\" \/>\n<meta property=\"og:locale\" content=\"en_US\" \/>\n<meta property=\"og:type\" content=\"article\" \/>\n<meta property=\"og:title\" content=\"Membres\u00eda Bimestral\" \/>\n<meta property=\"og:description\" content=\"Membres\u00eda Bimestral. Adquiere esta membres\u00eda y disfruta de la mejor experiencia de bronceado a domicilio con nosotros. Realizar la reservaci\u00f3n es muy f\u00e1cil.\" \/>\n<meta property=\"og:url\" content=\"https:\/\/sotan.mx\/en\/tienda-sotan\/membresia-bimestral\/\" \/>\n<meta property=\"og:site_name\" content=\"Sotan\" \/>\n<meta property=\"article:publisher\" content=\"https:\/\/www.facebook.com\/SoTan.onthego\" \/>\n<meta property=\"article:modified_time\" content=\"2023-11-20T18:33:09+00:00\" \/>\n<meta property=\"og:image\" content=\"https:\/\/sotan.mx\/wp-content\/uploads\/2023\/01\/paquetes-sotan-weeb-07-1.jpg\" \/>\n\t<meta property=\"og:image:width\" content=\"1400\" \/>\n\t<meta property=\"og:image:height\" content=\"1400\" \/>\n\t<meta property=\"og:image:type\" content=\"image\/jpeg\" \/>\n<meta name=\"twitter:card\" content=\"summary_large_image\" \/>\n<meta name=\"twitter:label1\" content=\"Est. reading time\" \/>\n\t<meta name=\"twitter:data1\" content=\"1 minute\" \/>\n<script type=\"application\/ld+json\" class=\"yoast-schema-graph\">{\"@context\":\"https:\/\/schema.org\",\"@graph\":[{\"@type\":\"WebPage\",\"@id\":\"https:\/\/sotan.mx\/tienda-sotan\/membresia-bimestral\/\",\"url\":\"https:\/\/sotan.mx\/tienda-sotan\/membresia-bimestral\/\",\"name\":\"Membres\u00eda Bimestral - Sotan\",\"isPartOf\":{\"@id\":\"https:\/\/sotan.mx\/#website\"},\"primaryImageOfPage\":{\"@id\":\"https:\/\/sotan.mx\/tienda-sotan\/membresia-bimestral\/#primaryimage\"},\"image\":{\"@id\":\"https:\/\/sotan.mx\/tienda-sotan\/membresia-bimestral\/#primaryimage\"},\"thumbnailUrl\":\"https:\/\/sotan.mx\/wp-content\/uploads\/2023\/01\/paquetes-sotan-weeb-07-1.jpg\",\"datePublished\":\"2023-01-10T01:12:37+00:00\",\"dateModified\":\"2023-11-20T18:33:09+00:00\",\"description\":\"Membres\u00eda Bimestral. Adquiere esta membres\u00eda y disfruta de la mejor experiencia de bronceado a domicilio con nosotros. Realizar la reservaci\u00f3n es muy f\u00e1cil.\",\"breadcrumb\":{\"@id\":\"https:\/\/sotan.mx\/tienda-sotan\/membresia-bimestral\/#breadcrumb\"},\"inLanguage\":\"en-US\",\"potentialAction\":[{\"@type\":\"ReadAction\",\"target\":[\"https:\/\/sotan.mx\/tienda-sotan\/membresia-bimestral\/\"]}]},{\"@type\":\"ImageObject\",\"inLanguage\":\"en-US\",\"@id\":\"https:\/\/sotan.mx\/tienda-sotan\/membresia-bimestral\/#primaryimage\",\"url\":\"https:\/\/sotan.mx\/wp-content\/uploads\/2023\/01\/paquetes-sotan-weeb-07-1.jpg\",\"contentUrl\":\"https:\/\/sotan.mx\/wp-content\/uploads\/2023\/01\/paquetes-sotan-weeb-07-1.jpg\",\"width\":1400,\"height\":1400,\"caption\":\"Membres\u00eda bimestral\"},{\"@type\":\"BreadcrumbList\",\"@id\":\"https:\/\/sotan.mx\/tienda-sotan\/membresia-bimestral\/#breadcrumb\",\"itemListElement\":[{\"@type\":\"ListItem\",\"position\":1,\"name\":\"Home\",\"item\":\"https:\/\/sotan.mx\/\"},{\"@type\":\"ListItem\",\"position\":2,\"name\":\"Productos\",\"item\":\"https:\/\/sotan.mx\/tienda-sotan__trashed\/\"},{\"@type\":\"ListItem\",\"position\":3,\"name\":\"Membres\u00eda Bimestral\"}]},{\"@type\":\"WebSite\",\"@id\":\"https:\/\/sotan.mx\/#website\",\"url\":\"https:\/\/sotan.mx\/\",\"name\":\"Sotan\",\"description\":\"Bronceado org\u00e1nico realizado con aer\u00f3grafo\",\"publisher\":{\"@id\":\"https:\/\/sotan.mx\/#organization\"},\"alternateName\":\"Sotan.mx\",\"potentialAction\":[{\"@type\":\"SearchAction\",\"target\":{\"@type\":\"EntryPoint\",\"urlTemplate\":\"https:\/\/sotan.mx\/?s={search_term_string}\"},\"query-input\":{\"@type\":\"PropertyValueSpecification\",\"valueRequired\":true,\"valueName\":\"search_term_string\"}}],\"inLanguage\":\"en-US\"},{\"@type\":\"Organization\",\"@id\":\"https:\/\/sotan.mx\/#organization\",\"name\":\"Sotan.mx\",\"url\":\"https:\/\/sotan.mx\/\",\"logo\":{\"@type\":\"ImageObject\",\"inLanguage\":\"en-US\",\"@id\":\"https:\/\/sotan.mx\/#\/schema\/logo\/image\/\",\"url\":\"https:\/\/sotan.mx\/wp-content\/uploads\/2023\/07\/logo_movile.jpg\",\"contentUrl\":\"https:\/\/sotan.mx\/wp-content\/uploads\/2023\/07\/logo_movile.jpg\",\"width\":373,\"height\":110,\"caption\":\"Sotan.mx\"},\"image\":{\"@id\":\"https:\/\/sotan.mx\/#\/schema\/logo\/image\/\"},\"sameAs\":[\"https:\/\/www.facebook.com\/SoTan.onthego\",\"https:\/\/www.instagram.com\/sotanmx\/\"]}]}<\/script>\n<!-- \/ Yoast SEO Premium plugin. -->","yoast_head_json":{"title":"Membres\u00eda Bimestral - Sotan","description":"Membres\u00eda Bimestral. Adquiere esta membres\u00eda y disfruta de la mejor experiencia de bronceado a domicilio con nosotros. Realizar la reservaci\u00f3n es muy f\u00e1cil.","robots":{"index":"index","follow":"follow","max-snippet":"max-snippet:-1","max-image-preview":"max-image-preview:large","max-video-preview":"max-video-preview:-1"},"canonical":"https:\/\/sotan.mx\/en\/tienda-sotan\/membresia-bimestral\/","og_locale":"en_US","og_type":"article","og_title":"Membres\u00eda Bimestral","og_description":"Membres\u00eda Bimestral. Adquiere esta membres\u00eda y disfruta de la mejor experiencia de bronceado a domicilio con nosotros. Realizar la reservaci\u00f3n es muy f\u00e1cil.","og_url":"https:\/\/sotan.mx\/en\/tienda-sotan\/membresia-bimestral\/","og_site_name":"Sotan","article_publisher":"https:\/\/www.facebook.com\/SoTan.onthego","article_modified_time":"2023-11-20T18:33:09+00:00","og_image":[{"width":1400,"height":1400,"url":"https:\/\/sotan.mx\/wp-content\/uploads\/2023\/01\/paquetes-sotan-weeb-07-1.jpg","type":"image\/jpeg"}],"twitter_card":"summary_large_image","twitter_misc":{"Est. reading time":"1 minute"},"schema":{"@context":"https:\/\/schema.org","@graph":[{"@type":"WebPage","@id":"https:\/\/sotan.mx\/tienda-sotan\/membresia-bimestral\/","url":"https:\/\/sotan.mx\/tienda-sotan\/membresia-bimestral\/","name":"Membres\u00eda Bimestral - Sotan","isPartOf":{"@id":"https:\/\/sotan.mx\/#website"},"primaryImageOfPage":{"@id":"https:\/\/sotan.mx\/tienda-sotan\/membresia-bimestral\/#primaryimage"},"image":{"@id":"https:\/\/sotan.mx\/tienda-sotan\/membresia-bimestral\/#primaryimage"},"thumbnailUrl":"https:\/\/sotan.mx\/wp-content\/uploads\/2023\/01\/paquetes-sotan-weeb-07-1.jpg","datePublished":"2023-01-10T01:12:37+00:00","dateModified":"2023-11-20T18:33:09+00:00","description":"Membres\u00eda Bimestral. Adquiere esta membres\u00eda y disfruta de la mejor experiencia de bronceado a domicilio con nosotros. Realizar la reservaci\u00f3n es muy f\u00e1cil.","breadcrumb":{"@id":"https:\/\/sotan.mx\/tienda-sotan\/membresia-bimestral\/#breadcrumb"},"inLanguage":"en-US","potentialAction":[{"@type":"ReadAction","target":["https:\/\/sotan.mx\/tienda-sotan\/membresia-bimestral\/"]}]},{"@type":"ImageObject","inLanguage":"en-US","@id":"https:\/\/sotan.mx\/tienda-sotan\/membresia-bimestral\/#primaryimage","url":"https:\/\/sotan.mx\/wp-content\/uploads\/2023\/01\/paquetes-sotan-weeb-07-1.jpg","contentUrl":"https:\/\/sotan.mx\/wp-content\/uploads\/2023\/01\/paquetes-sotan-weeb-07-1.jpg","width":1400,"height":1400,"caption":"Membres\u00eda bimestral"},{"@type":"BreadcrumbList","@id":"https:\/\/sotan.mx\/tienda-sotan\/membresia-bimestral\/#breadcrumb","itemListElement":[{"@type":"ListItem","position":1,"name":"Home","item":"https:\/\/sotan.mx\/"},{"@type":"ListItem","position":2,"name":"Productos","item":"https:\/\/sotan.mx\/tienda-sotan__trashed\/"},{"@type":"ListItem","position":3,"name":"Membres\u00eda Bimestral"}]},{"@type":"WebSite","@id":"https:\/\/sotan.mx\/#website","url":"https:\/\/sotan.mx\/","name":"Sotan","description":"Bronceado org\u00e1nico realizado con aer\u00f3grafo","publisher":{"@id":"https:\/\/sotan.mx\/#organization"},"alternateName":"Sotan.mx","potentialAction":[{"@type":"SearchAction","target":{"@type":"EntryPoint","urlTemplate":"https:\/\/sotan.mx\/?s={search_term_string}"},"query-input":{"@type":"PropertyValueSpecification","valueRequired":true,"valueName":"search_term_string"}}],"inLanguage":"en-US"},{"@type":"Organization","@id":"https:\/\/sotan.mx\/#organization","name":"Sotan.mx","url":"https:\/\/sotan.mx\/","logo":{"@type":"ImageObject","inLanguage":"en-US","@id":"https:\/\/sotan.mx\/#\/schema\/logo\/image\/","url":"https:\/\/sotan.mx\/wp-content\/uploads\/2023\/07\/logo_movile.jpg","contentUrl":"https:\/\/sotan.mx\/wp-content\/uploads\/2023\/07\/logo_movile.jpg","width":373,"height":110,"caption":"Sotan.mx"},"image":{"@id":"https:\/\/sotan.mx\/#\/schema\/logo\/image\/"},"sameAs":["https:\/\/www.facebook.com\/SoTan.onthego","https:\/\/www.instagram.com\/sotanmx\/"]}]}},"_links":{"self":[{"href":"https:\/\/sotan.mx\/en\/wp-json\/wp\/v2\/product\/3341","targetHints":{"allow":["GET"]}}],"collection":[{"href":"https:\/\/sotan.mx\/en\/wp-json\/wp\/v2\/product"}],"about":[{"href":"https:\/\/sotan.mx\/en\/wp-json\/wp\/v2\/types\/product"}],"wp:featuredmedia":[{"embeddable":true,"href":"https:\/\/sotan.mx\/en\/wp-json\/wp\/v2\/media\/7171"}],"wp:attachment":[{"href":"https:\/\/sotan.mx\/en\/wp-json\/wp\/v2\/media?parent=3341"}],"wp:term":[{"taxonomy":"product_brand","embeddable":true,"href":"https:\/\/sotan.mx\/en\/wp-json\/wp\/v2\/product_brand?post=3341"},{"taxonomy":"product_cat","embeddable":true,"href":"https:\/\/sotan.mx\/en\/wp-json\/wp\/v2\/product_cat?post=3341"},{"taxonomy":"product_tag","embeddable":true,"href":"https:\/\/sotan.mx\/en\/wp-json\/wp\/v2\/product_tag?post=3341"}],"curies":[{"name":"wp","href":"https:\/\/api.w.org\/{rel}","templated":true}]}}