{"id":3438,"date":"2023-01-10T07:38:26","date_gmt":"2023-01-10T13:38:26","guid":{"rendered":"https:\/\/sotan.mx\/?post_type=product&#038;p=3438"},"modified":"2023-11-18T19:25:12","modified_gmt":"2023-11-19T01:25:12","slug":"bride-tan-party-5","status":"publish","type":"product","link":"https:\/\/sotan.mx\/en\/tienda-sotan\/bride-tan-party-5\/","title":{"rendered":"Tan Party of 5"},"content":{"rendered":"<p>Tan Party of 5. Bronceado a domicilio para 5 personas. Un tratamiento de belleza f\u00e1cil y r\u00e1pido de aplicar y no da\u00f1ino para la piel . El m\u00e9todo m\u00e1s saludable para conseguir una piel radiante y bronceada.<\/p>\n<p><b>Tan Party of 5. RECOMENDACIONES ESPECIALES PARA NOVIAS<\/b><\/p>\n<div class=\"page\" title=\"Page 7\">\n<div class=\"section\">\n<div class=\"layoutArea\">\n<div class=\"column\">\n<p>1- Hacerlo 3 o 2 d\u00edas antes de tu boda<\/p>\n<p>2- Recomendamos el servicio COSMO o dentro del servicio cl\u00e1sico el tono DARK<\/p>\n<p>3- No es recomendable hacerse masajes, meterse a saunas, jacuzzi, albercas, etc despu\u00e9s de haberse bronceado<\/p>\n<p>4- No mancha el vestido, si se llegar\u00e1 a manchar es solo por la parte interna y se quita al lavarlo<\/p>\n<\/div>\n<p>\u00bfTe vas de viaje o de despedida con tus amig@s? \u00bfEs tu graduaci\u00f3n? \u00bfO quieres compartir tu experiencia?<\/p>\n<p>Adquiere este paquete de 4 bronceados y disfruta de la mejor experiencia de bronceado a domicilio con nosotros. Realizar la reservaci\u00f3n es muy f\u00e1cil. Obt\u00e9n el &#8220;glow&#8221; perfecto para ti y tres acompa\u00f1antes desde la comodidad de tu casa con Tan Party of 4.<\/p>\n<p>We kindly ask you to read our pre-tan care guide before booking your appointment with us.<strong>.<\/strong> Is very important that you follow them to obtain the best experience with your tan. <a href=\"https:\/\/sotan.mx\/en\/guia-de-instrucciones\/\"><strong>HOW TO PREPARE FOR &amp; MAINTAIN YOUR TAN<\/strong><\/a><\/p>\n<p>Discover your ideal tone with\u00a0<a href=\"https:\/\/www-sotan-mx.involve.me\/tono\"><strong>OUR QUIZ<\/strong><\/a><\/p>\n<\/div>\n<\/div>\n<\/div>","protected":false},"excerpt":{"rendered":"<p><b>PAQUETE PARA TI Y 4 FAMILIARES O AMIG@S \u00a0(5 bronceados)<\/b><\/p>\n<p>Invite 4 family members or friends to tan with you!<\/p>\n<p><b>HOW I BOOK MY TAN?<\/b><\/p>\n<p>1- En la secci\u00f3n de reservaciones, indica tu <strong>area<\/strong>, selecciona <strong>5 personas<\/strong> y en <strong>servicio<\/strong> elige el paquete <strong>\u201cTan Party Of 5\u201d<\/strong><\/p>\n<p>2- Elige d\u00eda y hora<\/p>\n<p>3- Todos los servicios deben de ser en el mismo lugar, d\u00eda y hora para ti y tus invitados<span class=\"Apple-converted-space\">\u00a0<\/span><\/p>\n<p>4- Aplica para servicio Cl\u00e1sico, Cosmo y Express, no es v\u00e1lido para servicio Contour<\/p>\n<p>5- Aplican mismos t\u00e9rminos y condiciones para cambios o cancelaciones<\/p>\n<p>6- No es transferible<\/p>\n<p>7- \u00a1LISTO! Te aseguramos que quedar\u00e1s feliz y lucir\u00e1n radiantes con el \u201cglow\u201d perfecto<\/p>","protected":false},"featured_media":7177,"template":"","meta":[],"product_brand":[],"product_cat":[77],"product_tag":[],"class_list":{"0":"post-3438","1":"product","2":"type-product","3":"status-publish","4":"has-post-thumbnail","6":"product_cat-paquetes","8":"first","9":"instock","10":"virtual","11":"purchasable","12":"product-type-simple"},"yoast_head":"<!-- This site is optimized with the Yoast SEO Premium plugin v20.13 (Yoast SEO v25.8) - https:\/\/yoast.com\/wordpress\/plugins\/seo\/ -->\n<title>Tan Party of 5 - Sotan<\/title>\n<meta name=\"description\" content=\"Tan Partu of 5\" \/>\n<meta name=\"robots\" content=\"index, follow, max-snippet:-1, max-image-preview:large, max-video-preview:-1\" \/>\n<link rel=\"canonical\" href=\"https:\/\/sotan.mx\/en\/tienda-sotan\/bride-tan-party-5\/\" \/>\n<meta property=\"og:locale\" content=\"en_US\" \/>\n<meta property=\"og:type\" content=\"article\" \/>\n<meta property=\"og:title\" content=\"Tan Party of 5\" \/>\n<meta property=\"og:description\" content=\"Tan Partu of 5\" \/>\n<meta property=\"og:url\" content=\"https:\/\/sotan.mx\/en\/tienda-sotan\/bride-tan-party-5\/\" \/>\n<meta property=\"og:site_name\" content=\"Sotan\" \/>\n<meta property=\"article:publisher\" content=\"https:\/\/www.facebook.com\/SoTan.onthego\" \/>\n<meta property=\"article:modified_time\" content=\"2023-11-19T01:25:12+00:00\" \/>\n<meta property=\"og:image\" content=\"https:\/\/sotan.mx\/wp-content\/uploads\/2023\/01\/paquetes-sotan-weeb-05-1.jpg\" \/>\n\t<meta property=\"og:image:width\" content=\"1400\" \/>\n\t<meta property=\"og:image:height\" content=\"1400\" \/>\n\t<meta property=\"og:image:type\" content=\"image\/jpeg\" \/>\n<meta name=\"twitter:card\" content=\"summary_large_image\" \/>\n<meta name=\"twitter:label1\" content=\"Est. reading time\" \/>\n\t<meta name=\"twitter:data1\" content=\"1 minute\" \/>\n<script type=\"application\/ld+json\" class=\"yoast-schema-graph\">{\"@context\":\"https:\/\/schema.org\",\"@graph\":[{\"@type\":\"WebPage\",\"@id\":\"https:\/\/sotan.mx\/tienda-sotan\/bride-tan-party-5\/\",\"url\":\"https:\/\/sotan.mx\/tienda-sotan\/bride-tan-party-5\/\",\"name\":\"Tan Party of 5 - Sotan\",\"isPartOf\":{\"@id\":\"https:\/\/sotan.mx\/#website\"},\"primaryImageOfPage\":{\"@id\":\"https:\/\/sotan.mx\/tienda-sotan\/bride-tan-party-5\/#primaryimage\"},\"image\":{\"@id\":\"https:\/\/sotan.mx\/tienda-sotan\/bride-tan-party-5\/#primaryimage\"},\"thumbnailUrl\":\"https:\/\/sotan.mx\/wp-content\/uploads\/2023\/01\/paquetes-sotan-weeb-05-1.jpg\",\"datePublished\":\"2023-01-10T13:38:26+00:00\",\"dateModified\":\"2023-11-19T01:25:12+00:00\",\"description\":\"Tan Partu of 5\",\"breadcrumb\":{\"@id\":\"https:\/\/sotan.mx\/tienda-sotan\/bride-tan-party-5\/#breadcrumb\"},\"inLanguage\":\"en-US\",\"potentialAction\":[{\"@type\":\"ReadAction\",\"target\":[\"https:\/\/sotan.mx\/tienda-sotan\/bride-tan-party-5\/\"]}]},{\"@type\":\"ImageObject\",\"inLanguage\":\"en-US\",\"@id\":\"https:\/\/sotan.mx\/tienda-sotan\/bride-tan-party-5\/#primaryimage\",\"url\":\"https:\/\/sotan.mx\/wp-content\/uploads\/2023\/01\/paquetes-sotan-weeb-05-1.jpg\",\"contentUrl\":\"https:\/\/sotan.mx\/wp-content\/uploads\/2023\/01\/paquetes-sotan-weeb-05-1.jpg\",\"width\":1400,\"height\":1400,\"caption\":\"Tan Party of 5\"},{\"@type\":\"BreadcrumbList\",\"@id\":\"https:\/\/sotan.mx\/tienda-sotan\/bride-tan-party-5\/#breadcrumb\",\"itemListElement\":[{\"@type\":\"ListItem\",\"position\":1,\"name\":\"Home\",\"item\":\"https:\/\/sotan.mx\/\"},{\"@type\":\"ListItem\",\"position\":2,\"name\":\"Productos\",\"item\":\"https:\/\/sotan.mx\/tienda-sotan__trashed\/\"},{\"@type\":\"ListItem\",\"position\":3,\"name\":\"Tan Party of 5\"}]},{\"@type\":\"WebSite\",\"@id\":\"https:\/\/sotan.mx\/#website\",\"url\":\"https:\/\/sotan.mx\/\",\"name\":\"Sotan\",\"description\":\"Bronceado org\u00e1nico realizado con aer\u00f3grafo\",\"publisher\":{\"@id\":\"https:\/\/sotan.mx\/#organization\"},\"alternateName\":\"Sotan.mx\",\"potentialAction\":[{\"@type\":\"SearchAction\",\"target\":{\"@type\":\"EntryPoint\",\"urlTemplate\":\"https:\/\/sotan.mx\/?s={search_term_string}\"},\"query-input\":{\"@type\":\"PropertyValueSpecification\",\"valueRequired\":true,\"valueName\":\"search_term_string\"}}],\"inLanguage\":\"en-US\"},{\"@type\":\"Organization\",\"@id\":\"https:\/\/sotan.mx\/#organization\",\"name\":\"Sotan.mx\",\"url\":\"https:\/\/sotan.mx\/\",\"logo\":{\"@type\":\"ImageObject\",\"inLanguage\":\"en-US\",\"@id\":\"https:\/\/sotan.mx\/#\/schema\/logo\/image\/\",\"url\":\"https:\/\/sotan.mx\/wp-content\/uploads\/2023\/07\/logo_movile.jpg\",\"contentUrl\":\"https:\/\/sotan.mx\/wp-content\/uploads\/2023\/07\/logo_movile.jpg\",\"width\":373,\"height\":110,\"caption\":\"Sotan.mx\"},\"image\":{\"@id\":\"https:\/\/sotan.mx\/#\/schema\/logo\/image\/\"},\"sameAs\":[\"https:\/\/www.facebook.com\/SoTan.onthego\",\"https:\/\/www.instagram.com\/sotanmx\/\"]}]}<\/script>\n<!-- \/ Yoast SEO Premium plugin. -->","yoast_head_json":{"title":"Tan Party of 5 - Sotan","description":"Tan Partu of 5","robots":{"index":"index","follow":"follow","max-snippet":"max-snippet:-1","max-image-preview":"max-image-preview:large","max-video-preview":"max-video-preview:-1"},"canonical":"https:\/\/sotan.mx\/en\/tienda-sotan\/bride-tan-party-5\/","og_locale":"en_US","og_type":"article","og_title":"Tan Party of 5","og_description":"Tan Partu of 5","og_url":"https:\/\/sotan.mx\/en\/tienda-sotan\/bride-tan-party-5\/","og_site_name":"Sotan","article_publisher":"https:\/\/www.facebook.com\/SoTan.onthego","article_modified_time":"2023-11-19T01:25:12+00:00","og_image":[{"width":1400,"height":1400,"url":"https:\/\/sotan.mx\/wp-content\/uploads\/2023\/01\/paquetes-sotan-weeb-05-1.jpg","type":"image\/jpeg"}],"twitter_card":"summary_large_image","twitter_misc":{"Est. reading time":"1 minute"},"schema":{"@context":"https:\/\/schema.org","@graph":[{"@type":"WebPage","@id":"https:\/\/sotan.mx\/tienda-sotan\/bride-tan-party-5\/","url":"https:\/\/sotan.mx\/tienda-sotan\/bride-tan-party-5\/","name":"Tan Party of 5 - Sotan","isPartOf":{"@id":"https:\/\/sotan.mx\/#website"},"primaryImageOfPage":{"@id":"https:\/\/sotan.mx\/tienda-sotan\/bride-tan-party-5\/#primaryimage"},"image":{"@id":"https:\/\/sotan.mx\/tienda-sotan\/bride-tan-party-5\/#primaryimage"},"thumbnailUrl":"https:\/\/sotan.mx\/wp-content\/uploads\/2023\/01\/paquetes-sotan-weeb-05-1.jpg","datePublished":"2023-01-10T13:38:26+00:00","dateModified":"2023-11-19T01:25:12+00:00","description":"Tan Partu of 5","breadcrumb":{"@id":"https:\/\/sotan.mx\/tienda-sotan\/bride-tan-party-5\/#breadcrumb"},"inLanguage":"en-US","potentialAction":[{"@type":"ReadAction","target":["https:\/\/sotan.mx\/tienda-sotan\/bride-tan-party-5\/"]}]},{"@type":"ImageObject","inLanguage":"en-US","@id":"https:\/\/sotan.mx\/tienda-sotan\/bride-tan-party-5\/#primaryimage","url":"https:\/\/sotan.mx\/wp-content\/uploads\/2023\/01\/paquetes-sotan-weeb-05-1.jpg","contentUrl":"https:\/\/sotan.mx\/wp-content\/uploads\/2023\/01\/paquetes-sotan-weeb-05-1.jpg","width":1400,"height":1400,"caption":"Tan Party of 5"},{"@type":"BreadcrumbList","@id":"https:\/\/sotan.mx\/tienda-sotan\/bride-tan-party-5\/#breadcrumb","itemListElement":[{"@type":"ListItem","position":1,"name":"Home","item":"https:\/\/sotan.mx\/"},{"@type":"ListItem","position":2,"name":"Productos","item":"https:\/\/sotan.mx\/tienda-sotan__trashed\/"},{"@type":"ListItem","position":3,"name":"Tan Party of 5"}]},{"@type":"WebSite","@id":"https:\/\/sotan.mx\/#website","url":"https:\/\/sotan.mx\/","name":"Sotan","description":"Bronceado org\u00e1nico realizado con aer\u00f3grafo","publisher":{"@id":"https:\/\/sotan.mx\/#organization"},"alternateName":"Sotan.mx","potentialAction":[{"@type":"SearchAction","target":{"@type":"EntryPoint","urlTemplate":"https:\/\/sotan.mx\/?s={search_term_string}"},"query-input":{"@type":"PropertyValueSpecification","valueRequired":true,"valueName":"search_term_string"}}],"inLanguage":"en-US"},{"@type":"Organization","@id":"https:\/\/sotan.mx\/#organization","name":"Sotan.mx","url":"https:\/\/sotan.mx\/","logo":{"@type":"ImageObject","inLanguage":"en-US","@id":"https:\/\/sotan.mx\/#\/schema\/logo\/image\/","url":"https:\/\/sotan.mx\/wp-content\/uploads\/2023\/07\/logo_movile.jpg","contentUrl":"https:\/\/sotan.mx\/wp-content\/uploads\/2023\/07\/logo_movile.jpg","width":373,"height":110,"caption":"Sotan.mx"},"image":{"@id":"https:\/\/sotan.mx\/#\/schema\/logo\/image\/"},"sameAs":["https:\/\/www.facebook.com\/SoTan.onthego","https:\/\/www.instagram.com\/sotanmx\/"]}]}},"_links":{"self":[{"href":"https:\/\/sotan.mx\/en\/wp-json\/wp\/v2\/product\/3438","targetHints":{"allow":["GET"]}}],"collection":[{"href":"https:\/\/sotan.mx\/en\/wp-json\/wp\/v2\/product"}],"about":[{"href":"https:\/\/sotan.mx\/en\/wp-json\/wp\/v2\/types\/product"}],"wp:featuredmedia":[{"embeddable":true,"href":"https:\/\/sotan.mx\/en\/wp-json\/wp\/v2\/media\/7177"}],"wp:attachment":[{"href":"https:\/\/sotan.mx\/en\/wp-json\/wp\/v2\/media?parent=3438"}],"wp:term":[{"taxonomy":"product_brand","embeddable":true,"href":"https:\/\/sotan.mx\/en\/wp-json\/wp\/v2\/product_brand?post=3438"},{"taxonomy":"product_cat","embeddable":true,"href":"https:\/\/sotan.mx\/en\/wp-json\/wp\/v2\/product_cat?post=3438"},{"taxonomy":"product_tag","embeddable":true,"href":"https:\/\/sotan.mx\/en\/wp-json\/wp\/v2\/product_tag?post=3438"}],"curies":[{"name":"wp","href":"https:\/\/api.w.org\/{rel}","templated":true}]}}