{"id":3442,"date":"2023-01-10T07:44:42","date_gmt":"2023-01-10T13:44:42","guid":{"rendered":"https:\/\/sotan.mx\/?post_type=product&#038;p=3442"},"modified":"2024-01-15T19:11:53","modified_gmt":"2024-01-16T01:11:53","slug":"paquete-de-3-bronceados","status":"publish","type":"product","link":"https:\/\/sotan.mx\/en\/tienda-sotan\/paquete-de-3-bronceados\/","title":{"rendered":"3 Tan Package"},"content":{"rendered":"<p>3 Tan Pack<\/p>\n<p class=\"p1\">A beauty treatment that is easy and quick to apply and not harmful to the skin. The healthiest method to achieve radiant and tanned skin<\/p>\n<p class=\"p1\">Adquiere este paquete y disfruta de la mejor experiencia de bronceado a domicilio con nosotros.<span class=\"Apple-converted-space\">\u00a0<\/span><\/p>\n<p class=\"p1\">Realizar la reservaci\u00f3n es muy f\u00e1cil. Obt\u00e9n el &#8220;glow&#8221; perfecto para ti desde la comodidad de tu casa.<\/p>\n<p>&nbsp;<\/p>\n<p><b>PARABEN FREE | 100% ORGANIC | SULFATE FREE | CRUELTY FREE | NON COMEDOGENIC<\/b><\/p>\n<p class=\"p1\">Give your skin the love it deserves with our exfoliating mitt!<\/p>\n<p>Te pedimos leer nuestra gu\u00eda de pasos previos a realizar tu cita con nosotros. Son muy importantes que los sepas, para obtener la mejor experiencia con tu tan. <a href=\"https:\/\/sotan.mx\/en\/guia-de-instrucciones\/\"><strong>HOW TO PREPARE FOR &amp; MAINTAIN YOUR TAN<\/strong><\/a><\/p>\n<p>Discover your ideal tone with\u00a0<a href=\"https:\/\/www-sotan-mx.involve.me\/tono\"><strong>OUR QUIZ<\/strong><\/a><\/p>","protected":false},"excerpt":{"rendered":"<p>3 Tan Pack<\/p>\n<p>Valid for 5 weeks from the day of purchase. If you are a person with several events or trips and you like to be tanned, this package is for you.<\/p>\n<p><b>HOW I BOOK MY TAN?<\/b><\/p>\n<div class=\"page\" title=\"Page 7\">\n<div class=\"section\">\n<div class=\"layoutArea\">\n<div class=\"column\">\n<p>1- After making you purchase, contact the phone number of your <a href=\"https:\/\/linktr.ee\/sotanmx\"><strong>area<\/strong><\/a><\/p>\n<p>2- We will ask for the confirmation of your purchase<\/p>\n<p>3- Te enviaremos un c\u00f3digo para que puedas reservar tus bronceados directo en nuestra p\u00e1gina en l\u00ednea<\/p>\n<p>4- Valid only in coverage area<\/p>\n<p>6- Applies for Classic, Cosmo and Express service only<\/p>\n<p>6- Same terms and conditions apply for changes and cancellations on your bookings<\/p>\n<p>7- Is not transferable<\/p>\n<p>8- READY! We assure you that you will always look tanned with the perfect glow.<\/p>\n<p>&nbsp;<\/p>\n<p><b>PARABEN FREE | 100% ORGANIC | SULFATE FREE |  CRUELTY FREE |  NON COMEDOGENIC<\/b><\/p>\n<p>&nbsp;<\/p>\n<p>We recommend you read the following steps\u00a0<strong>before booking your appointment.<\/strong>\u00a0They are very important for you to know to get the best experience with us.\u00a0<a href=\"https:\/\/sotan.mx\/en\/guia-de-instrucciones\/\"><strong>HOW TO PREPARE FOR &amp; MAINTAIN YOUR TAN<\/strong><\/a><\/p>\n<p>Discover your ideal tone with\u00a0<a href=\"https:\/\/www-sotan-mx.involve.me\/tono\"><strong>OUR QUIZ<\/strong><\/a><\/p>\n<\/div>\n<\/div>\n<\/div>\n<\/div>","protected":false},"featured_media":5366,"template":"","meta":[],"product_brand":[],"product_cat":[72],"product_tag":[],"class_list":{"0":"post-3442","1":"product","2":"type-product","3":"status-publish","4":"has-post-thumbnail","6":"product_cat-paquetes-individuales","8":"first","9":"instock","10":"virtual","11":"purchasable","12":"product-type-simple"},"yoast_head":"<!-- This site is optimized with the Yoast SEO Premium plugin v20.13 (Yoast SEO v25.8) - https:\/\/yoast.com\/wordpress\/plugins\/seo\/ -->\n<title>Paquete de 3 bronceados - Sotan<\/title>\n<meta name=\"description\" content=\"Paquete de 3 bronceados. Si eres de las personas que le gusta estar broncead@ siempre, este paquete es para ti. Vigencia de 5 semanas.\" \/>\n<meta name=\"robots\" content=\"index, follow, max-snippet:-1, max-image-preview:large, max-video-preview:-1\" \/>\n<link rel=\"canonical\" href=\"https:\/\/sotan.mx\/en\/tienda-sotan\/paquete-de-3-bronceados\/\" \/>\n<meta property=\"og:locale\" content=\"en_US\" \/>\n<meta property=\"og:type\" content=\"article\" \/>\n<meta property=\"og:title\" content=\"Paquete de 3 bronceados\" \/>\n<meta property=\"og:description\" content=\"Paquete de 3 bronceados. Si eres de las personas que le gusta estar broncead@ siempre, este paquete es para ti. Vigencia de 5 semanas.\" \/>\n<meta property=\"og:url\" content=\"https:\/\/sotan.mx\/en\/tienda-sotan\/paquete-de-3-bronceados\/\" \/>\n<meta property=\"og:site_name\" content=\"Sotan\" \/>\n<meta property=\"article:publisher\" content=\"https:\/\/www.facebook.com\/SoTan.onthego\" \/>\n<meta property=\"article:modified_time\" content=\"2024-01-16T01:11:53+00:00\" \/>\n<meta property=\"og:image\" content=\"https:\/\/sotan.mx\/wp-content\/uploads\/2023\/04\/paquetes-sotan-weeb-01-scaled.jpg\" \/>\n\t<meta property=\"og:image:width\" content=\"2560\" \/>\n\t<meta property=\"og:image:height\" content=\"2560\" \/>\n\t<meta property=\"og:image:type\" content=\"image\/jpeg\" \/>\n<meta name=\"twitter:card\" content=\"summary_large_image\" \/>\n<meta name=\"twitter:label1\" content=\"Est. reading time\" \/>\n\t<meta name=\"twitter:data1\" content=\"1 minute\" \/>\n<script type=\"application\/ld+json\" class=\"yoast-schema-graph\">{\"@context\":\"https:\/\/schema.org\",\"@graph\":[{\"@type\":\"WebPage\",\"@id\":\"https:\/\/sotan.mx\/tienda-sotan\/paquete-de-3-bronceados\/\",\"url\":\"https:\/\/sotan.mx\/tienda-sotan\/paquete-de-3-bronceados\/\",\"name\":\"Paquete de 3 bronceados - Sotan\",\"isPartOf\":{\"@id\":\"https:\/\/sotan.mx\/#website\"},\"primaryImageOfPage\":{\"@id\":\"https:\/\/sotan.mx\/tienda-sotan\/paquete-de-3-bronceados\/#primaryimage\"},\"image\":{\"@id\":\"https:\/\/sotan.mx\/tienda-sotan\/paquete-de-3-bronceados\/#primaryimage\"},\"thumbnailUrl\":\"https:\/\/sotan.mx\/wp-content\/uploads\/2023\/04\/paquetes-sotan-weeb-01-scaled.jpg\",\"datePublished\":\"2023-01-10T13:44:42+00:00\",\"dateModified\":\"2024-01-16T01:11:53+00:00\",\"description\":\"Paquete de 3 bronceados. Si eres de las personas que le gusta estar broncead@ siempre, este paquete es para ti. Vigencia de 5 semanas.\",\"breadcrumb\":{\"@id\":\"https:\/\/sotan.mx\/tienda-sotan\/paquete-de-3-bronceados\/#breadcrumb\"},\"inLanguage\":\"en-US\",\"potentialAction\":[{\"@type\":\"ReadAction\",\"target\":[\"https:\/\/sotan.mx\/tienda-sotan\/paquete-de-3-bronceados\/\"]}]},{\"@type\":\"ImageObject\",\"inLanguage\":\"en-US\",\"@id\":\"https:\/\/sotan.mx\/tienda-sotan\/paquete-de-3-bronceados\/#primaryimage\",\"url\":\"https:\/\/sotan.mx\/wp-content\/uploads\/2023\/04\/paquetes-sotan-weeb-01-scaled.jpg\",\"contentUrl\":\"https:\/\/sotan.mx\/wp-content\/uploads\/2023\/04\/paquetes-sotan-weeb-01-scaled.jpg\",\"width\":2560,\"height\":2560,\"caption\":\"Paquete de 3 bronceados\"},{\"@type\":\"BreadcrumbList\",\"@id\":\"https:\/\/sotan.mx\/tienda-sotan\/paquete-de-3-bronceados\/#breadcrumb\",\"itemListElement\":[{\"@type\":\"ListItem\",\"position\":1,\"name\":\"Home\",\"item\":\"https:\/\/sotan.mx\/\"},{\"@type\":\"ListItem\",\"position\":2,\"name\":\"Productos\",\"item\":\"https:\/\/sotan.mx\/tienda-sotan__trashed\/\"},{\"@type\":\"ListItem\",\"position\":3,\"name\":\"Paquete de 3 bronceados\"}]},{\"@type\":\"WebSite\",\"@id\":\"https:\/\/sotan.mx\/#website\",\"url\":\"https:\/\/sotan.mx\/\",\"name\":\"Sotan\",\"description\":\"Bronceado org\u00e1nico realizado con aer\u00f3grafo\",\"publisher\":{\"@id\":\"https:\/\/sotan.mx\/#organization\"},\"alternateName\":\"Sotan.mx\",\"potentialAction\":[{\"@type\":\"SearchAction\",\"target\":{\"@type\":\"EntryPoint\",\"urlTemplate\":\"https:\/\/sotan.mx\/?s={search_term_string}\"},\"query-input\":{\"@type\":\"PropertyValueSpecification\",\"valueRequired\":true,\"valueName\":\"search_term_string\"}}],\"inLanguage\":\"en-US\"},{\"@type\":\"Organization\",\"@id\":\"https:\/\/sotan.mx\/#organization\",\"name\":\"Sotan.mx\",\"url\":\"https:\/\/sotan.mx\/\",\"logo\":{\"@type\":\"ImageObject\",\"inLanguage\":\"en-US\",\"@id\":\"https:\/\/sotan.mx\/#\/schema\/logo\/image\/\",\"url\":\"https:\/\/sotan.mx\/wp-content\/uploads\/2023\/07\/logo_movile.jpg\",\"contentUrl\":\"https:\/\/sotan.mx\/wp-content\/uploads\/2023\/07\/logo_movile.jpg\",\"width\":373,\"height\":110,\"caption\":\"Sotan.mx\"},\"image\":{\"@id\":\"https:\/\/sotan.mx\/#\/schema\/logo\/image\/\"},\"sameAs\":[\"https:\/\/www.facebook.com\/SoTan.onthego\",\"https:\/\/www.instagram.com\/sotanmx\/\"]}]}<\/script>\n<!-- \/ Yoast SEO Premium plugin. -->","yoast_head_json":{"title":"Paquete de 3 bronceados - Sotan","description":"Paquete de 3 bronceados. Si eres de las personas que le gusta estar broncead@ siempre, este paquete es para ti. Vigencia de 5 semanas.","robots":{"index":"index","follow":"follow","max-snippet":"max-snippet:-1","max-image-preview":"max-image-preview:large","max-video-preview":"max-video-preview:-1"},"canonical":"https:\/\/sotan.mx\/en\/tienda-sotan\/paquete-de-3-bronceados\/","og_locale":"en_US","og_type":"article","og_title":"Paquete de 3 bronceados","og_description":"Paquete de 3 bronceados. Si eres de las personas que le gusta estar broncead@ siempre, este paquete es para ti. Vigencia de 5 semanas.","og_url":"https:\/\/sotan.mx\/en\/tienda-sotan\/paquete-de-3-bronceados\/","og_site_name":"Sotan","article_publisher":"https:\/\/www.facebook.com\/SoTan.onthego","article_modified_time":"2024-01-16T01:11:53+00:00","og_image":[{"width":2560,"height":2560,"url":"https:\/\/sotan.mx\/wp-content\/uploads\/2023\/04\/paquetes-sotan-weeb-01-scaled.jpg","type":"image\/jpeg"}],"twitter_card":"summary_large_image","twitter_misc":{"Est. reading time":"1 minute"},"schema":{"@context":"https:\/\/schema.org","@graph":[{"@type":"WebPage","@id":"https:\/\/sotan.mx\/tienda-sotan\/paquete-de-3-bronceados\/","url":"https:\/\/sotan.mx\/tienda-sotan\/paquete-de-3-bronceados\/","name":"Paquete de 3 bronceados - Sotan","isPartOf":{"@id":"https:\/\/sotan.mx\/#website"},"primaryImageOfPage":{"@id":"https:\/\/sotan.mx\/tienda-sotan\/paquete-de-3-bronceados\/#primaryimage"},"image":{"@id":"https:\/\/sotan.mx\/tienda-sotan\/paquete-de-3-bronceados\/#primaryimage"},"thumbnailUrl":"https:\/\/sotan.mx\/wp-content\/uploads\/2023\/04\/paquetes-sotan-weeb-01-scaled.jpg","datePublished":"2023-01-10T13:44:42+00:00","dateModified":"2024-01-16T01:11:53+00:00","description":"Paquete de 3 bronceados. Si eres de las personas que le gusta estar broncead@ siempre, este paquete es para ti. Vigencia de 5 semanas.","breadcrumb":{"@id":"https:\/\/sotan.mx\/tienda-sotan\/paquete-de-3-bronceados\/#breadcrumb"},"inLanguage":"en-US","potentialAction":[{"@type":"ReadAction","target":["https:\/\/sotan.mx\/tienda-sotan\/paquete-de-3-bronceados\/"]}]},{"@type":"ImageObject","inLanguage":"en-US","@id":"https:\/\/sotan.mx\/tienda-sotan\/paquete-de-3-bronceados\/#primaryimage","url":"https:\/\/sotan.mx\/wp-content\/uploads\/2023\/04\/paquetes-sotan-weeb-01-scaled.jpg","contentUrl":"https:\/\/sotan.mx\/wp-content\/uploads\/2023\/04\/paquetes-sotan-weeb-01-scaled.jpg","width":2560,"height":2560,"caption":"Paquete de 3 bronceados"},{"@type":"BreadcrumbList","@id":"https:\/\/sotan.mx\/tienda-sotan\/paquete-de-3-bronceados\/#breadcrumb","itemListElement":[{"@type":"ListItem","position":1,"name":"Home","item":"https:\/\/sotan.mx\/"},{"@type":"ListItem","position":2,"name":"Productos","item":"https:\/\/sotan.mx\/tienda-sotan__trashed\/"},{"@type":"ListItem","position":3,"name":"Paquete de 3 bronceados"}]},{"@type":"WebSite","@id":"https:\/\/sotan.mx\/#website","url":"https:\/\/sotan.mx\/","name":"Sotan","description":"Bronceado org\u00e1nico realizado con aer\u00f3grafo","publisher":{"@id":"https:\/\/sotan.mx\/#organization"},"alternateName":"Sotan.mx","potentialAction":[{"@type":"SearchAction","target":{"@type":"EntryPoint","urlTemplate":"https:\/\/sotan.mx\/?s={search_term_string}"},"query-input":{"@type":"PropertyValueSpecification","valueRequired":true,"valueName":"search_term_string"}}],"inLanguage":"en-US"},{"@type":"Organization","@id":"https:\/\/sotan.mx\/#organization","name":"Sotan.mx","url":"https:\/\/sotan.mx\/","logo":{"@type":"ImageObject","inLanguage":"en-US","@id":"https:\/\/sotan.mx\/#\/schema\/logo\/image\/","url":"https:\/\/sotan.mx\/wp-content\/uploads\/2023\/07\/logo_movile.jpg","contentUrl":"https:\/\/sotan.mx\/wp-content\/uploads\/2023\/07\/logo_movile.jpg","width":373,"height":110,"caption":"Sotan.mx"},"image":{"@id":"https:\/\/sotan.mx\/#\/schema\/logo\/image\/"},"sameAs":["https:\/\/www.facebook.com\/SoTan.onthego","https:\/\/www.instagram.com\/sotanmx\/"]}]}},"_links":{"self":[{"href":"https:\/\/sotan.mx\/en\/wp-json\/wp\/v2\/product\/3442","targetHints":{"allow":["GET"]}}],"collection":[{"href":"https:\/\/sotan.mx\/en\/wp-json\/wp\/v2\/product"}],"about":[{"href":"https:\/\/sotan.mx\/en\/wp-json\/wp\/v2\/types\/product"}],"wp:featuredmedia":[{"embeddable":true,"href":"https:\/\/sotan.mx\/en\/wp-json\/wp\/v2\/media\/5366"}],"wp:attachment":[{"href":"https:\/\/sotan.mx\/en\/wp-json\/wp\/v2\/media?parent=3442"}],"wp:term":[{"taxonomy":"product_brand","embeddable":true,"href":"https:\/\/sotan.mx\/en\/wp-json\/wp\/v2\/product_brand?post=3442"},{"taxonomy":"product_cat","embeddable":true,"href":"https:\/\/sotan.mx\/en\/wp-json\/wp\/v2\/product_cat?post=3442"},{"taxonomy":"product_tag","embeddable":true,"href":"https:\/\/sotan.mx\/en\/wp-json\/wp\/v2\/product_tag?post=3442"}],"curies":[{"name":"wp","href":"https:\/\/api.w.org\/{rel}","templated":true}]}}