{"id":4682,"date":"2023-03-28T01:52:17","date_gmt":"2023-03-28T07:52:17","guid":{"rendered":"https:\/\/sotan.mx\/?post_type=product&#038;p=4682"},"modified":"2023-10-30T12:33:59","modified_gmt":"2023-10-30T18:33:59","slug":"tan-party-4","status":"publish","type":"product","link":"https:\/\/sotan.mx\/en\/tienda-sotan\/tan-party-4\/","title":{"rendered":"Tan Party of 4"},"content":{"rendered":"<p class=\"p1\">Tan Party of 4. Bronceado a domicilio para 4 personas. Un tratamiento de belleza f\u00e1cil y r\u00e1pido de aplicar y no da\u00f1ino para la piel . El m\u00e9todo m\u00e1s saludable para conseguir una piel radiante y bronceada.<\/p>\n<p>\u00bfTe vas de viaje o de despedida con tus amig@s? \u00bfEs tu graduaci\u00f3n? \u00bfO quieres compartir tu experiencia?<\/p>\n<p>Adquiere este paquete de 4 bronceados y disfruta de la mejor experiencia de bronceado a domicilio con nosotros. Realizar la reservaci\u00f3n es muy f\u00e1cil. Obt\u00e9n el &#8220;glow&#8221; perfecto para ti y tres acompa\u00f1antes desde la comodidad de tu casa con Tan Party of 4.<\/p>\n<p>We kindly ask you to read our pre-tan care guide before booking your appointment with us.<strong>.<\/strong> Is very important that you follow them to obtain the best experience with your tan. <a href=\"https:\/\/sotan.mx\/en\/guia-de-instrucciones\/\"><strong>HOW TO PREPARE FOR &amp; MAINTAIN YOUR TAN<\/strong><\/a><\/p>\n<p>Discover your ideal tone with\u00a0<a href=\"https:\/\/www-sotan-mx.involve.me\/tono\"><strong>OUR QUIZ<\/strong><\/a><\/p>","protected":false},"excerpt":{"rendered":"<p>Pack of 4 tans to share. Are you going on a trip or a bachlorette party with your friends? Is it your prom? Or do you want to share your experience?<\/p>\n<p>Junta a tus amig@s o familiares para broncearse y llegar a ese viaje o evento radiantes con el bronceado perfecto.<\/p>\n<p><span class=\"Apple-converted-space\">\u00a0<\/span><\/p>\n<p><b>HOW I BOOK MY TAN?<\/b><\/p>\n<p>1- En la secci\u00f3n de reservaci\u00f3n, selecciona 4 personas y en servicio elige el paquete <strong>Tan Party Of 4<\/strong><\/p>\n<p>2- Elige d\u00eda y hora<\/p>\n<p>3- Todos los servicios deben de ser en el mismo lugar, d\u00eda y hora<\/p>\n<p>6- Applies for Classic, Cosmo and Express service only<\/p>\n<p>6- Same terms and conditions apply for changes and cancellations on your bookings<\/p>\n<p>7- Is not transferable<\/p>\n<p>8- \u00a1LISTO! Te aseguramos que quedar\u00e1n felices y lucir\u00e1n radiantes con el \u201cglow\u201d perfecto<\/p>","protected":false},"featured_media":7175,"template":"","meta":[],"product_brand":[],"product_cat":[77],"product_tag":[],"class_list":{"0":"post-4682","1":"product","2":"type-product","3":"status-publish","4":"has-post-thumbnail","6":"product_cat-paquetes","8":"first","9":"instock","10":"virtual","11":"purchasable","12":"product-type-simple"},"yoast_head":"<!-- This site is optimized with the Yoast SEO Premium plugin v20.13 (Yoast SEO v25.8) - https:\/\/yoast.com\/wordpress\/plugins\/seo\/ -->\n<title>Tan Party of 4 - Sotan<\/title>\n<meta name=\"description\" content=\"Tan Party of 4. Paquete de 4 bronceados para compartir. Junta a tus amig@s o familiares para broncearse y llegar a ese viaje o evento radiantes.\" \/>\n<meta name=\"robots\" content=\"index, follow, max-snippet:-1, max-image-preview:large, max-video-preview:-1\" \/>\n<link rel=\"canonical\" href=\"https:\/\/sotan.mx\/en\/tienda-sotan\/tan-party-4\/\" \/>\n<meta property=\"og:locale\" content=\"en_US\" \/>\n<meta property=\"og:type\" content=\"article\" \/>\n<meta property=\"og:title\" content=\"Tan Party of 4\" \/>\n<meta property=\"og:description\" content=\"Tan Party of 4. Paquete de 4 bronceados para compartir. Junta a tus amig@s o familiares para broncearse y llegar a ese viaje o evento radiantes.\" \/>\n<meta property=\"og:url\" content=\"https:\/\/sotan.mx\/en\/tienda-sotan\/tan-party-4\/\" \/>\n<meta property=\"og:site_name\" content=\"Sotan\" \/>\n<meta property=\"article:publisher\" content=\"https:\/\/www.facebook.com\/SoTan.onthego\" \/>\n<meta property=\"article:modified_time\" content=\"2023-10-30T18:33:59+00:00\" \/>\n<meta property=\"og:image\" content=\"https:\/\/sotan.mx\/wp-content\/uploads\/2023\/03\/paquetes-sotan-weeb-03-1.jpg\" \/>\n\t<meta property=\"og:image:width\" content=\"1400\" \/>\n\t<meta property=\"og:image:height\" content=\"1400\" \/>\n\t<meta property=\"og:image:type\" content=\"image\/jpeg\" \/>\n<meta name=\"twitter:card\" content=\"summary_large_image\" \/>\n<meta name=\"twitter:label1\" content=\"Est. reading time\" \/>\n\t<meta name=\"twitter:data1\" content=\"1 minute\" \/>\n<script type=\"application\/ld+json\" class=\"yoast-schema-graph\">{\"@context\":\"https:\/\/schema.org\",\"@graph\":[{\"@type\":\"WebPage\",\"@id\":\"https:\/\/sotan.mx\/tienda-sotan\/tan-party-4\/\",\"url\":\"https:\/\/sotan.mx\/tienda-sotan\/tan-party-4\/\",\"name\":\"Tan Party of 4 - Sotan\",\"isPartOf\":{\"@id\":\"https:\/\/sotan.mx\/#website\"},\"primaryImageOfPage\":{\"@id\":\"https:\/\/sotan.mx\/tienda-sotan\/tan-party-4\/#primaryimage\"},\"image\":{\"@id\":\"https:\/\/sotan.mx\/tienda-sotan\/tan-party-4\/#primaryimage\"},\"thumbnailUrl\":\"https:\/\/sotan.mx\/wp-content\/uploads\/2023\/03\/paquetes-sotan-weeb-03-1.jpg\",\"datePublished\":\"2023-03-28T07:52:17+00:00\",\"dateModified\":\"2023-10-30T18:33:59+00:00\",\"description\":\"Tan Party of 4. Paquete de 4 bronceados para compartir. Junta a tus amig@s o familiares para broncearse y llegar a ese viaje o evento radiantes.\",\"breadcrumb\":{\"@id\":\"https:\/\/sotan.mx\/tienda-sotan\/tan-party-4\/#breadcrumb\"},\"inLanguage\":\"en-US\",\"potentialAction\":[{\"@type\":\"ReadAction\",\"target\":[\"https:\/\/sotan.mx\/tienda-sotan\/tan-party-4\/\"]}]},{\"@type\":\"ImageObject\",\"inLanguage\":\"en-US\",\"@id\":\"https:\/\/sotan.mx\/tienda-sotan\/tan-party-4\/#primaryimage\",\"url\":\"https:\/\/sotan.mx\/wp-content\/uploads\/2023\/03\/paquetes-sotan-weeb-03-1.jpg\",\"contentUrl\":\"https:\/\/sotan.mx\/wp-content\/uploads\/2023\/03\/paquetes-sotan-weeb-03-1.jpg\",\"width\":1400,\"height\":1400,\"caption\":\"Tan Party of 4\"},{\"@type\":\"BreadcrumbList\",\"@id\":\"https:\/\/sotan.mx\/tienda-sotan\/tan-party-4\/#breadcrumb\",\"itemListElement\":[{\"@type\":\"ListItem\",\"position\":1,\"name\":\"Home\",\"item\":\"https:\/\/sotan.mx\/\"},{\"@type\":\"ListItem\",\"position\":2,\"name\":\"Productos\",\"item\":\"https:\/\/sotan.mx\/tienda-sotan__trashed\/\"},{\"@type\":\"ListItem\",\"position\":3,\"name\":\"Tan Party of 4\"}]},{\"@type\":\"WebSite\",\"@id\":\"https:\/\/sotan.mx\/#website\",\"url\":\"https:\/\/sotan.mx\/\",\"name\":\"Sotan\",\"description\":\"Bronceado org\u00e1nico realizado con aer\u00f3grafo\",\"publisher\":{\"@id\":\"https:\/\/sotan.mx\/#organization\"},\"alternateName\":\"Sotan.mx\",\"potentialAction\":[{\"@type\":\"SearchAction\",\"target\":{\"@type\":\"EntryPoint\",\"urlTemplate\":\"https:\/\/sotan.mx\/?s={search_term_string}\"},\"query-input\":{\"@type\":\"PropertyValueSpecification\",\"valueRequired\":true,\"valueName\":\"search_term_string\"}}],\"inLanguage\":\"en-US\"},{\"@type\":\"Organization\",\"@id\":\"https:\/\/sotan.mx\/#organization\",\"name\":\"Sotan.mx\",\"url\":\"https:\/\/sotan.mx\/\",\"logo\":{\"@type\":\"ImageObject\",\"inLanguage\":\"en-US\",\"@id\":\"https:\/\/sotan.mx\/#\/schema\/logo\/image\/\",\"url\":\"https:\/\/sotan.mx\/wp-content\/uploads\/2023\/07\/logo_movile.jpg\",\"contentUrl\":\"https:\/\/sotan.mx\/wp-content\/uploads\/2023\/07\/logo_movile.jpg\",\"width\":373,\"height\":110,\"caption\":\"Sotan.mx\"},\"image\":{\"@id\":\"https:\/\/sotan.mx\/#\/schema\/logo\/image\/\"},\"sameAs\":[\"https:\/\/www.facebook.com\/SoTan.onthego\",\"https:\/\/www.instagram.com\/sotanmx\/\"]}]}<\/script>\n<!-- \/ Yoast SEO Premium plugin. -->","yoast_head_json":{"title":"Tan Party of 4 - Sotan","description":"Tan Party of 4. Paquete de 4 bronceados para compartir. Junta a tus amig@s o familiares para broncearse y llegar a ese viaje o evento radiantes.","robots":{"index":"index","follow":"follow","max-snippet":"max-snippet:-1","max-image-preview":"max-image-preview:large","max-video-preview":"max-video-preview:-1"},"canonical":"https:\/\/sotan.mx\/en\/tienda-sotan\/tan-party-4\/","og_locale":"en_US","og_type":"article","og_title":"Tan Party of 4","og_description":"Tan Party of 4. Paquete de 4 bronceados para compartir. Junta a tus amig@s o familiares para broncearse y llegar a ese viaje o evento radiantes.","og_url":"https:\/\/sotan.mx\/en\/tienda-sotan\/tan-party-4\/","og_site_name":"Sotan","article_publisher":"https:\/\/www.facebook.com\/SoTan.onthego","article_modified_time":"2023-10-30T18:33:59+00:00","og_image":[{"width":1400,"height":1400,"url":"https:\/\/sotan.mx\/wp-content\/uploads\/2023\/03\/paquetes-sotan-weeb-03-1.jpg","type":"image\/jpeg"}],"twitter_card":"summary_large_image","twitter_misc":{"Est. reading time":"1 minute"},"schema":{"@context":"https:\/\/schema.org","@graph":[{"@type":"WebPage","@id":"https:\/\/sotan.mx\/tienda-sotan\/tan-party-4\/","url":"https:\/\/sotan.mx\/tienda-sotan\/tan-party-4\/","name":"Tan Party of 4 - Sotan","isPartOf":{"@id":"https:\/\/sotan.mx\/#website"},"primaryImageOfPage":{"@id":"https:\/\/sotan.mx\/tienda-sotan\/tan-party-4\/#primaryimage"},"image":{"@id":"https:\/\/sotan.mx\/tienda-sotan\/tan-party-4\/#primaryimage"},"thumbnailUrl":"https:\/\/sotan.mx\/wp-content\/uploads\/2023\/03\/paquetes-sotan-weeb-03-1.jpg","datePublished":"2023-03-28T07:52:17+00:00","dateModified":"2023-10-30T18:33:59+00:00","description":"Tan Party of 4. Paquete de 4 bronceados para compartir. Junta a tus amig@s o familiares para broncearse y llegar a ese viaje o evento radiantes.","breadcrumb":{"@id":"https:\/\/sotan.mx\/tienda-sotan\/tan-party-4\/#breadcrumb"},"inLanguage":"en-US","potentialAction":[{"@type":"ReadAction","target":["https:\/\/sotan.mx\/tienda-sotan\/tan-party-4\/"]}]},{"@type":"ImageObject","inLanguage":"en-US","@id":"https:\/\/sotan.mx\/tienda-sotan\/tan-party-4\/#primaryimage","url":"https:\/\/sotan.mx\/wp-content\/uploads\/2023\/03\/paquetes-sotan-weeb-03-1.jpg","contentUrl":"https:\/\/sotan.mx\/wp-content\/uploads\/2023\/03\/paquetes-sotan-weeb-03-1.jpg","width":1400,"height":1400,"caption":"Tan Party of 4"},{"@type":"BreadcrumbList","@id":"https:\/\/sotan.mx\/tienda-sotan\/tan-party-4\/#breadcrumb","itemListElement":[{"@type":"ListItem","position":1,"name":"Home","item":"https:\/\/sotan.mx\/"},{"@type":"ListItem","position":2,"name":"Productos","item":"https:\/\/sotan.mx\/tienda-sotan__trashed\/"},{"@type":"ListItem","position":3,"name":"Tan Party of 4"}]},{"@type":"WebSite","@id":"https:\/\/sotan.mx\/#website","url":"https:\/\/sotan.mx\/","name":"Sotan","description":"Bronceado org\u00e1nico realizado con aer\u00f3grafo","publisher":{"@id":"https:\/\/sotan.mx\/#organization"},"alternateName":"Sotan.mx","potentialAction":[{"@type":"SearchAction","target":{"@type":"EntryPoint","urlTemplate":"https:\/\/sotan.mx\/?s={search_term_string}"},"query-input":{"@type":"PropertyValueSpecification","valueRequired":true,"valueName":"search_term_string"}}],"inLanguage":"en-US"},{"@type":"Organization","@id":"https:\/\/sotan.mx\/#organization","name":"Sotan.mx","url":"https:\/\/sotan.mx\/","logo":{"@type":"ImageObject","inLanguage":"en-US","@id":"https:\/\/sotan.mx\/#\/schema\/logo\/image\/","url":"https:\/\/sotan.mx\/wp-content\/uploads\/2023\/07\/logo_movile.jpg","contentUrl":"https:\/\/sotan.mx\/wp-content\/uploads\/2023\/07\/logo_movile.jpg","width":373,"height":110,"caption":"Sotan.mx"},"image":{"@id":"https:\/\/sotan.mx\/#\/schema\/logo\/image\/"},"sameAs":["https:\/\/www.facebook.com\/SoTan.onthego","https:\/\/www.instagram.com\/sotanmx\/"]}]}},"_links":{"self":[{"href":"https:\/\/sotan.mx\/en\/wp-json\/wp\/v2\/product\/4682","targetHints":{"allow":["GET"]}}],"collection":[{"href":"https:\/\/sotan.mx\/en\/wp-json\/wp\/v2\/product"}],"about":[{"href":"https:\/\/sotan.mx\/en\/wp-json\/wp\/v2\/types\/product"}],"wp:featuredmedia":[{"embeddable":true,"href":"https:\/\/sotan.mx\/en\/wp-json\/wp\/v2\/media\/7175"}],"wp:attachment":[{"href":"https:\/\/sotan.mx\/en\/wp-json\/wp\/v2\/media?parent=4682"}],"wp:term":[{"taxonomy":"product_brand","embeddable":true,"href":"https:\/\/sotan.mx\/en\/wp-json\/wp\/v2\/product_brand?post=4682"},{"taxonomy":"product_cat","embeddable":true,"href":"https:\/\/sotan.mx\/en\/wp-json\/wp\/v2\/product_cat?post=4682"},{"taxonomy":"product_tag","embeddable":true,"href":"https:\/\/sotan.mx\/en\/wp-json\/wp\/v2\/product_tag?post=4682"}],"curies":[{"name":"wp","href":"https:\/\/api.w.org\/{rel}","templated":true}]}}