{"id":8218,"date":"2023-08-21T14:08:40","date_gmt":"2023-08-21T20:08:40","guid":{"rendered":"https:\/\/sotan.mx\/?post_type=product&#038;p=8218"},"modified":"2024-11-20T00:00:03","modified_gmt":"2024-11-20T06:00:03","slug":"iluminador-liquido-para-cara-y-cuerpo","status":"publish","type":"product","link":"https:\/\/sotan.mx\/en\/tienda-sotan\/iluminador-liquido-para-cara-y-cuerpo\/","title":{"rendered":"Liquid Highlighter + Brush"},"content":{"rendered":"<p>Liquid Highlighter with Brush<\/p>\n<p>With this liquid highlighter for face and body, give your skin instant glow, radiance, and hydration! These drops can be applied directly to the skin or mixed with your makeup or skincare products for a glowy look. <em>look glowy.<\/em><\/p>\n<p><i>KEY INGREDIENTS<span class=\"Apple-converted-space\">\u00a0<\/span><\/i><\/p>\n<p>Water\/Aqua, Glycerin, Synthetic Fluorphlogopite, Titanium Dioxide\/ CI 77891, Sodium Hyaluronate, Sodium PCA, Polyacrylate, Crosspolymer-6, Phenoxyethanol, Caprylyl Glycol, Ethylhexylglycerin, T-Butyl Alcohol, Iron Oxides\/CI 77489, Tin Oxide\/CI 77861<\/p>\n<p>&nbsp;<\/p>\n<p class=\"p1\">Give your skin the love it deserves with our exfoliating mitt!<\/p>\n<p>We kindly ask you to read our pre-tan care guide before booking your appointment with us.<strong>.<\/strong> Is very important that you follow them to obtain the best experience with your tan. <a href=\"https:\/\/sotan.mx\/en\/guia-de-instrucciones\/\"><strong>HOW TO PREPARE FOR &amp; MAINTAIN YOUR TAN<\/strong><\/a><\/p>\n<p>Discover your ideal tone with\u00a0<a href=\"https:\/\/www-sotan-mx.involve.me\/tono\"><strong>OUR QUIZ<\/strong><\/a><\/p>\n<p>&nbsp;<\/p>\n<p>&nbsp;<\/p>\n<p>&nbsp;<\/p>\n<p>&nbsp;<\/p>\n<p>&nbsp;<\/p>","protected":false},"excerpt":{"rendered":"<p class=\"p1\">Illuminate your skin with our <b>Liquid Highlighter Bundle!<\/b>!<span class=\"Apple-converted-space\">\u00a0 <\/span>Perfect for highlighting your tan or adding a touch of shimmer for that <b>special event<\/b>, a <b>party<\/b>or just to look amazing over the <b>weekend.<\/b>Plus, it comes with a <b>brush<\/b> that makes application super easy and quick. Get ready to shine and feel spectacular!<\/p>\n<div style=\"width: 660px;\" class=\"wp-video\"><!--[if lt IE 9]><script>document.createElement('video');<\/script><![endif]--><br \/>\n<video class=\"wp-video-shortcode\" id=\"video-8218-1\" width=\"660\" height=\"660\" preload=\"metadata\" controls=\"controls\"><source type=\"video\/mp4\" src=\"https:\/\/sotan.mx\/wp-content\/uploads\/2023\/08\/CFFBABDE-AC1E-4CD2-8F0C-E19E21E24F30.mp4?_=1\" \/><a href=\"https:\/\/sotan.mx\/wp-content\/uploads\/2023\/08\/CFFBABDE-AC1E-4CD2-8F0C-E19E21E24F30.mp4\">https:\/\/sotan.mx\/wp-content\/uploads\/2023\/08\/CFFBABDE-AC1E-4CD2-8F0C-E19E21E24F30.mp4<\/a><\/video><\/div>","protected":false},"featured_media":14613,"template":"","meta":[],"product_brand":[],"product_cat":[89,63],"product_tag":[],"class_list":{"0":"post-8218","1":"product","2":"type-product","3":"status-publish","4":"has-post-thumbnail","6":"product_cat-autobronceador-cara","7":"product_cat-autobronceadores","9":"first","10":"instock","11":"shipping-taxable","12":"purchasable","13":"product-type-simple"},"yoast_head":"<!-- This site is optimized with the Yoast SEO Premium plugin v20.13 (Yoast SEO v25.8) - https:\/\/yoast.com\/wordpress\/plugins\/seo\/ -->\n<title>Iluminador L\u00edquido - Sotan<\/title>\n<meta name=\"description\" content=\"Iluminador l\u00edquido para cara y cuerpo para darle a tu piel brillo y humectaci\u00f3n, con vitaminas y \u00e1cido hiaulur\u00f3nico. Usalo diario con tu maquillaje.\" \/>\n<meta name=\"robots\" content=\"index, follow, max-snippet:-1, max-image-preview:large, max-video-preview:-1\" \/>\n<link rel=\"canonical\" href=\"https:\/\/sotan.mx\/en\/tienda-sotan\/iluminador-liquido-para-cara-y-cuerpo\/\" \/>\n<meta property=\"og:locale\" content=\"en_US\" \/>\n<meta property=\"og:type\" content=\"article\" \/>\n<meta property=\"og:title\" content=\"Iluminador L\u00edquido\" \/>\n<meta property=\"og:description\" content=\"Iluminador l\u00edquido para cara y cuerpo para darle a tu piel brillo y humectaci\u00f3n, con vitaminas y \u00e1cido hiaulur\u00f3nico. Usalo diario con tu maquillaje.\" \/>\n<meta property=\"og:url\" content=\"https:\/\/sotan.mx\/en\/tienda-sotan\/iluminador-liquido-para-cara-y-cuerpo\/\" \/>\n<meta property=\"og:site_name\" content=\"Sotan\" \/>\n<meta property=\"article:publisher\" content=\"https:\/\/www.facebook.com\/SoTan.onthego\" \/>\n<meta property=\"article:modified_time\" content=\"2024-11-20T06:00:03+00:00\" \/>\n<meta property=\"og:image\" content=\"https:\/\/sotan.mx\/wp-content\/uploads\/2023\/08\/fotos-pagina-sotan-12.jpg\" \/>\n\t<meta property=\"og:image:width\" content=\"1200\" \/>\n\t<meta property=\"og:image:height\" content=\"1425\" \/>\n\t<meta property=\"og:image:type\" content=\"image\/jpeg\" \/>\n<meta name=\"twitter:card\" content=\"summary_large_image\" \/>\n<meta name=\"twitter:label1\" content=\"Est. reading time\" \/>\n\t<meta name=\"twitter:data1\" content=\"1 minute\" \/>\n<script type=\"application\/ld+json\" class=\"yoast-schema-graph\">{\"@context\":\"https:\/\/schema.org\",\"@graph\":[{\"@type\":\"WebPage\",\"@id\":\"https:\/\/sotan.mx\/tienda-sotan\/iluminador-liquido-para-cara-y-cuerpo\/\",\"url\":\"https:\/\/sotan.mx\/tienda-sotan\/iluminador-liquido-para-cara-y-cuerpo\/\",\"name\":\"Iluminador L\u00edquido - Sotan\",\"isPartOf\":{\"@id\":\"https:\/\/sotan.mx\/#website\"},\"primaryImageOfPage\":{\"@id\":\"https:\/\/sotan.mx\/tienda-sotan\/iluminador-liquido-para-cara-y-cuerpo\/#primaryimage\"},\"image\":{\"@id\":\"https:\/\/sotan.mx\/tienda-sotan\/iluminador-liquido-para-cara-y-cuerpo\/#primaryimage\"},\"thumbnailUrl\":\"https:\/\/sotan.mx\/wp-content\/uploads\/2023\/08\/fotos-pagina-sotan-12.jpg\",\"datePublished\":\"2023-08-21T20:08:40+00:00\",\"dateModified\":\"2024-11-20T06:00:03+00:00\",\"description\":\"Iluminador l\u00edquido para cara y cuerpo para darle a tu piel brillo y humectaci\u00f3n, con vitaminas y \u00e1cido hiaulur\u00f3nico. Usalo diario con tu maquillaje.\",\"breadcrumb\":{\"@id\":\"https:\/\/sotan.mx\/tienda-sotan\/iluminador-liquido-para-cara-y-cuerpo\/#breadcrumb\"},\"inLanguage\":\"en-US\",\"potentialAction\":[{\"@type\":\"ReadAction\",\"target\":[\"https:\/\/sotan.mx\/tienda-sotan\/iluminador-liquido-para-cara-y-cuerpo\/\"]}]},{\"@type\":\"ImageObject\",\"inLanguage\":\"en-US\",\"@id\":\"https:\/\/sotan.mx\/tienda-sotan\/iluminador-liquido-para-cara-y-cuerpo\/#primaryimage\",\"url\":\"https:\/\/sotan.mx\/wp-content\/uploads\/2023\/08\/fotos-pagina-sotan-12.jpg\",\"contentUrl\":\"https:\/\/sotan.mx\/wp-content\/uploads\/2023\/08\/fotos-pagina-sotan-12.jpg\",\"width\":1200,\"height\":1425},{\"@type\":\"BreadcrumbList\",\"@id\":\"https:\/\/sotan.mx\/tienda-sotan\/iluminador-liquido-para-cara-y-cuerpo\/#breadcrumb\",\"itemListElement\":[{\"@type\":\"ListItem\",\"position\":1,\"name\":\"Home\",\"item\":\"https:\/\/sotan.mx\/\"},{\"@type\":\"ListItem\",\"position\":2,\"name\":\"Productos\",\"item\":\"https:\/\/sotan.mx\/tienda-sotan__trashed\/\"},{\"@type\":\"ListItem\",\"position\":3,\"name\":\"Iluminador L\u00edquido\"}]},{\"@type\":\"WebSite\",\"@id\":\"https:\/\/sotan.mx\/#website\",\"url\":\"https:\/\/sotan.mx\/\",\"name\":\"Sotan\",\"description\":\"Bronceado org\u00e1nico realizado con aer\u00f3grafo\",\"publisher\":{\"@id\":\"https:\/\/sotan.mx\/#organization\"},\"alternateName\":\"Sotan.mx\",\"potentialAction\":[{\"@type\":\"SearchAction\",\"target\":{\"@type\":\"EntryPoint\",\"urlTemplate\":\"https:\/\/sotan.mx\/?s={search_term_string}\"},\"query-input\":{\"@type\":\"PropertyValueSpecification\",\"valueRequired\":true,\"valueName\":\"search_term_string\"}}],\"inLanguage\":\"en-US\"},{\"@type\":\"Organization\",\"@id\":\"https:\/\/sotan.mx\/#organization\",\"name\":\"Sotan.mx\",\"url\":\"https:\/\/sotan.mx\/\",\"logo\":{\"@type\":\"ImageObject\",\"inLanguage\":\"en-US\",\"@id\":\"https:\/\/sotan.mx\/#\/schema\/logo\/image\/\",\"url\":\"https:\/\/sotan.mx\/wp-content\/uploads\/2023\/07\/logo_movile.jpg\",\"contentUrl\":\"https:\/\/sotan.mx\/wp-content\/uploads\/2023\/07\/logo_movile.jpg\",\"width\":373,\"height\":110,\"caption\":\"Sotan.mx\"},\"image\":{\"@id\":\"https:\/\/sotan.mx\/#\/schema\/logo\/image\/\"},\"sameAs\":[\"https:\/\/www.facebook.com\/SoTan.onthego\",\"https:\/\/www.instagram.com\/sotanmx\/\"]}]}<\/script>\n<!-- \/ Yoast SEO Premium plugin. -->","yoast_head_json":{"title":"Iluminador L\u00edquido - Sotan","description":"Iluminador l\u00edquido para cara y cuerpo para darle a tu piel brillo y humectaci\u00f3n, con vitaminas y \u00e1cido hiaulur\u00f3nico. Usalo diario con tu maquillaje.","robots":{"index":"index","follow":"follow","max-snippet":"max-snippet:-1","max-image-preview":"max-image-preview:large","max-video-preview":"max-video-preview:-1"},"canonical":"https:\/\/sotan.mx\/en\/tienda-sotan\/iluminador-liquido-para-cara-y-cuerpo\/","og_locale":"en_US","og_type":"article","og_title":"Iluminador L\u00edquido","og_description":"Iluminador l\u00edquido para cara y cuerpo para darle a tu piel brillo y humectaci\u00f3n, con vitaminas y \u00e1cido hiaulur\u00f3nico. Usalo diario con tu maquillaje.","og_url":"https:\/\/sotan.mx\/en\/tienda-sotan\/iluminador-liquido-para-cara-y-cuerpo\/","og_site_name":"Sotan","article_publisher":"https:\/\/www.facebook.com\/SoTan.onthego","article_modified_time":"2024-11-20T06:00:03+00:00","og_image":[{"width":1200,"height":1425,"url":"https:\/\/sotan.mx\/wp-content\/uploads\/2023\/08\/fotos-pagina-sotan-12.jpg","type":"image\/jpeg"}],"twitter_card":"summary_large_image","twitter_misc":{"Est. reading time":"1 minute"},"schema":{"@context":"https:\/\/schema.org","@graph":[{"@type":"WebPage","@id":"https:\/\/sotan.mx\/tienda-sotan\/iluminador-liquido-para-cara-y-cuerpo\/","url":"https:\/\/sotan.mx\/tienda-sotan\/iluminador-liquido-para-cara-y-cuerpo\/","name":"Iluminador L\u00edquido - Sotan","isPartOf":{"@id":"https:\/\/sotan.mx\/#website"},"primaryImageOfPage":{"@id":"https:\/\/sotan.mx\/tienda-sotan\/iluminador-liquido-para-cara-y-cuerpo\/#primaryimage"},"image":{"@id":"https:\/\/sotan.mx\/tienda-sotan\/iluminador-liquido-para-cara-y-cuerpo\/#primaryimage"},"thumbnailUrl":"https:\/\/sotan.mx\/wp-content\/uploads\/2023\/08\/fotos-pagina-sotan-12.jpg","datePublished":"2023-08-21T20:08:40+00:00","dateModified":"2024-11-20T06:00:03+00:00","description":"Iluminador l\u00edquido para cara y cuerpo para darle a tu piel brillo y humectaci\u00f3n, con vitaminas y \u00e1cido hiaulur\u00f3nico. Usalo diario con tu maquillaje.","breadcrumb":{"@id":"https:\/\/sotan.mx\/tienda-sotan\/iluminador-liquido-para-cara-y-cuerpo\/#breadcrumb"},"inLanguage":"en-US","potentialAction":[{"@type":"ReadAction","target":["https:\/\/sotan.mx\/tienda-sotan\/iluminador-liquido-para-cara-y-cuerpo\/"]}]},{"@type":"ImageObject","inLanguage":"en-US","@id":"https:\/\/sotan.mx\/tienda-sotan\/iluminador-liquido-para-cara-y-cuerpo\/#primaryimage","url":"https:\/\/sotan.mx\/wp-content\/uploads\/2023\/08\/fotos-pagina-sotan-12.jpg","contentUrl":"https:\/\/sotan.mx\/wp-content\/uploads\/2023\/08\/fotos-pagina-sotan-12.jpg","width":1200,"height":1425},{"@type":"BreadcrumbList","@id":"https:\/\/sotan.mx\/tienda-sotan\/iluminador-liquido-para-cara-y-cuerpo\/#breadcrumb","itemListElement":[{"@type":"ListItem","position":1,"name":"Home","item":"https:\/\/sotan.mx\/"},{"@type":"ListItem","position":2,"name":"Productos","item":"https:\/\/sotan.mx\/tienda-sotan__trashed\/"},{"@type":"ListItem","position":3,"name":"Iluminador L\u00edquido"}]},{"@type":"WebSite","@id":"https:\/\/sotan.mx\/#website","url":"https:\/\/sotan.mx\/","name":"Sotan","description":"Bronceado org\u00e1nico realizado con aer\u00f3grafo","publisher":{"@id":"https:\/\/sotan.mx\/#organization"},"alternateName":"Sotan.mx","potentialAction":[{"@type":"SearchAction","target":{"@type":"EntryPoint","urlTemplate":"https:\/\/sotan.mx\/?s={search_term_string}"},"query-input":{"@type":"PropertyValueSpecification","valueRequired":true,"valueName":"search_term_string"}}],"inLanguage":"en-US"},{"@type":"Organization","@id":"https:\/\/sotan.mx\/#organization","name":"Sotan.mx","url":"https:\/\/sotan.mx\/","logo":{"@type":"ImageObject","inLanguage":"en-US","@id":"https:\/\/sotan.mx\/#\/schema\/logo\/image\/","url":"https:\/\/sotan.mx\/wp-content\/uploads\/2023\/07\/logo_movile.jpg","contentUrl":"https:\/\/sotan.mx\/wp-content\/uploads\/2023\/07\/logo_movile.jpg","width":373,"height":110,"caption":"Sotan.mx"},"image":{"@id":"https:\/\/sotan.mx\/#\/schema\/logo\/image\/"},"sameAs":["https:\/\/www.facebook.com\/SoTan.onthego","https:\/\/www.instagram.com\/sotanmx\/"]}]}},"_links":{"self":[{"href":"https:\/\/sotan.mx\/en\/wp-json\/wp\/v2\/product\/8218","targetHints":{"allow":["GET"]}}],"collection":[{"href":"https:\/\/sotan.mx\/en\/wp-json\/wp\/v2\/product"}],"about":[{"href":"https:\/\/sotan.mx\/en\/wp-json\/wp\/v2\/types\/product"}],"wp:featuredmedia":[{"embeddable":true,"href":"https:\/\/sotan.mx\/en\/wp-json\/wp\/v2\/media\/14613"}],"wp:attachment":[{"href":"https:\/\/sotan.mx\/en\/wp-json\/wp\/v2\/media?parent=8218"}],"wp:term":[{"taxonomy":"product_brand","embeddable":true,"href":"https:\/\/sotan.mx\/en\/wp-json\/wp\/v2\/product_brand?post=8218"},{"taxonomy":"product_cat","embeddable":true,"href":"https:\/\/sotan.mx\/en\/wp-json\/wp\/v2\/product_cat?post=8218"},{"taxonomy":"product_tag","embeddable":true,"href":"https:\/\/sotan.mx\/en\/wp-json\/wp\/v2\/product_tag?post=8218"}],"curies":[{"name":"wp","href":"https:\/\/api.w.org\/{rel}","templated":true}]}}