{"id":8571,"date":"2023-09-13T20:13:01","date_gmt":"2023-09-14T02:13:01","guid":{"rendered":"https:\/\/sotan.mx\/?post_type=product&#038;p=8571"},"modified":"2025-05-20T14:40:00","modified_gmt":"2025-05-20T20:40:00","slug":"prolongador-de-bronceado","status":"publish","type":"product","link":"https:\/\/sotan.mx\/en\/tienda-sotan\/prolongador-de-bronceado\/","title":{"rendered":"Basic Tanning Kit"},"content":{"rendered":"<p><b>HOW TO USE IT?<\/b><\/p>\n<ol>\n<li><b>PRE-TAN EXFOLIATOR:\u00a0<\/b>An exfoliator that removes dead skin cells, leaving your skin ready for a long-lasting new tan.\u2028<\/li>\n<li><b>POST-TAN SHOWER CLEANSER:<\/b> Use it while showering, and it will help the color last longer than with regular soaps.<\/li>\n<li><b>GRADUAL TANNING LOTION: <\/b>A moisturizing lotion that maintains and prolongs your tan.<\/li>\n<\/ol>\n<p><b>PARABEN FREE | 100% ORGANIC | SULFATE FREE |  CRUELTY FREE |  NON COMEDOGENIC<\/b><\/p>\n<p>&nbsp;<\/p>\n<p>We recommend you read the following steps\u00a0<strong>before booking your appointment.<\/strong>\u00a0They are very important for you to know to get the best experience with us.\u00a0<a href=\"https:\/\/sotan.mx\/en\/guia-de-instrucciones\/\"><strong>HOW TO PREPARE FOR &amp; MAINTAIN YOUR TAN<\/strong><\/a><\/p>\n<p>Discover your ideal tone with\u00a0<a href=\"https:\/\/www-sotan-mx.involve.me\/tono\"><strong>OUR QUIZ<\/strong><\/a><\/p>\n<p>&nbsp;<\/p>","protected":false},"excerpt":{"rendered":"<p class=\"p1\">Perfect for<strong> maintaining your tan<\/strong> or prepping your skin when you\u2019re ready for a <b>new one<\/b>, whether it\u2019s with airbrush <b>aer\u00f3grafo<\/b> or <b>self-tanner<\/b>. If you\u2019re someone who tans regularly, this kit is <b>essential in your life.<\/b>.<span class=\"Apple-converted-space\">\u00a0<\/span><\/p>\n<p class=\"p1\">It includes a <b>gradual self-tanning lotion<\/b> to prolong your tan or for <strong>self-tanning<\/strong>. It also comes with an <b>exfoliator<\/b> that removes dead skin cells and prepares your skin, as well as a <b>sulfate-free shower clenaser<\/b> to use while showering, helping the color last longer than with traditional body washes<\/p>\n<p class=\"p1\">Ideal for keeping your skin hydrated, tanned, and <b>ready to look spectacular<\/b> at any moment!<\/p>\n<p>&nbsp;<\/p>\n<p>&nbsp;<\/p>","protected":false},"featured_media":14597,"template":"","meta":[],"product_brand":[],"product_cat":[67,71],"product_tag":[],"class_list":{"0":"post-8571","1":"product","2":"type-product","3":"status-publish","4":"has-post-thumbnail","6":"product_cat-cuidado-post-bronceado","7":"product_cat-kit","9":"first","10":"instock","11":"shipping-taxable","12":"purchasable","13":"product-type-simple"},"yoast_head":"<!-- This site is optimized with the Yoast SEO Premium plugin v20.13 (Yoast SEO v25.8) - https:\/\/yoast.com\/wordpress\/plugins\/seo\/ -->\n<title>Kit B\u00e1sico de Bronceado - Sotan<\/title>\n<meta name=\"description\" content=\"El kit prolongador de bronceado es el kit perfecto para el antes, durante y despu\u00e9s de tu bronceado. Esencial para prolongar tu bronceado m\u00e1s tiempo.\" \/>\n<meta name=\"robots\" content=\"index, follow, max-snippet:-1, max-image-preview:large, max-video-preview:-1\" \/>\n<link rel=\"canonical\" href=\"https:\/\/sotan.mx\/en\/tienda-sotan\/prolongador-de-bronceado\/\" \/>\n<meta property=\"og:locale\" content=\"en_US\" \/>\n<meta property=\"og:type\" content=\"article\" \/>\n<meta property=\"og:title\" content=\"Kit B\u00e1sico de Bronceado\" \/>\n<meta property=\"og:description\" content=\"El kit prolongador de bronceado es el kit perfecto para el antes, durante y despu\u00e9s de tu bronceado. Esencial para prolongar tu bronceado m\u00e1s tiempo.\" \/>\n<meta property=\"og:url\" content=\"https:\/\/sotan.mx\/en\/tienda-sotan\/prolongador-de-bronceado\/\" \/>\n<meta property=\"og:site_name\" content=\"Sotan\" \/>\n<meta property=\"article:publisher\" content=\"https:\/\/www.facebook.com\/SoTan.onthego\" \/>\n<meta property=\"article:modified_time\" content=\"2025-05-20T20:40:00+00:00\" \/>\n<meta property=\"og:image\" content=\"https:\/\/sotan.mx\/wp-content\/uploads\/2023\/09\/fotos-pagina-sotan-18.jpg\" \/>\n\t<meta property=\"og:image:width\" content=\"1200\" \/>\n\t<meta property=\"og:image:height\" content=\"1425\" \/>\n\t<meta property=\"og:image:type\" content=\"image\/jpeg\" \/>\n<meta name=\"twitter:card\" content=\"summary_large_image\" \/>\n<meta name=\"twitter:label1\" content=\"Est. reading time\" \/>\n\t<meta name=\"twitter:data1\" content=\"1 minute\" \/>\n<script type=\"application\/ld+json\" class=\"yoast-schema-graph\">{\"@context\":\"https:\/\/schema.org\",\"@graph\":[{\"@type\":\"WebPage\",\"@id\":\"https:\/\/sotan.mx\/tienda-sotan\/prolongador-de-bronceado\/\",\"url\":\"https:\/\/sotan.mx\/tienda-sotan\/prolongador-de-bronceado\/\",\"name\":\"Kit B\u00e1sico de Bronceado - Sotan\",\"isPartOf\":{\"@id\":\"https:\/\/sotan.mx\/#website\"},\"primaryImageOfPage\":{\"@id\":\"https:\/\/sotan.mx\/tienda-sotan\/prolongador-de-bronceado\/#primaryimage\"},\"image\":{\"@id\":\"https:\/\/sotan.mx\/tienda-sotan\/prolongador-de-bronceado\/#primaryimage\"},\"thumbnailUrl\":\"https:\/\/sotan.mx\/wp-content\/uploads\/2023\/09\/fotos-pagina-sotan-18.jpg\",\"datePublished\":\"2023-09-14T02:13:01+00:00\",\"dateModified\":\"2025-05-20T20:40:00+00:00\",\"description\":\"El kit prolongador de bronceado es el kit perfecto para el antes, durante y despu\u00e9s de tu bronceado. Esencial para prolongar tu bronceado m\u00e1s tiempo.\",\"breadcrumb\":{\"@id\":\"https:\/\/sotan.mx\/tienda-sotan\/prolongador-de-bronceado\/#breadcrumb\"},\"inLanguage\":\"en-US\",\"potentialAction\":[{\"@type\":\"ReadAction\",\"target\":[\"https:\/\/sotan.mx\/tienda-sotan\/prolongador-de-bronceado\/\"]}]},{\"@type\":\"ImageObject\",\"inLanguage\":\"en-US\",\"@id\":\"https:\/\/sotan.mx\/tienda-sotan\/prolongador-de-bronceado\/#primaryimage\",\"url\":\"https:\/\/sotan.mx\/wp-content\/uploads\/2023\/09\/fotos-pagina-sotan-18.jpg\",\"contentUrl\":\"https:\/\/sotan.mx\/wp-content\/uploads\/2023\/09\/fotos-pagina-sotan-18.jpg\",\"width\":1200,\"height\":1425},{\"@type\":\"BreadcrumbList\",\"@id\":\"https:\/\/sotan.mx\/tienda-sotan\/prolongador-de-bronceado\/#breadcrumb\",\"itemListElement\":[{\"@type\":\"ListItem\",\"position\":1,\"name\":\"Home\",\"item\":\"https:\/\/sotan.mx\/\"},{\"@type\":\"ListItem\",\"position\":2,\"name\":\"Productos\",\"item\":\"https:\/\/sotan.mx\/tienda-sotan__trashed\/\"},{\"@type\":\"ListItem\",\"position\":3,\"name\":\"Kit B\u00e1sico de Bronceado\"}]},{\"@type\":\"WebSite\",\"@id\":\"https:\/\/sotan.mx\/#website\",\"url\":\"https:\/\/sotan.mx\/\",\"name\":\"Sotan\",\"description\":\"Bronceado org\u00e1nico realizado con aer\u00f3grafo\",\"publisher\":{\"@id\":\"https:\/\/sotan.mx\/#organization\"},\"alternateName\":\"Sotan.mx\",\"potentialAction\":[{\"@type\":\"SearchAction\",\"target\":{\"@type\":\"EntryPoint\",\"urlTemplate\":\"https:\/\/sotan.mx\/?s={search_term_string}\"},\"query-input\":{\"@type\":\"PropertyValueSpecification\",\"valueRequired\":true,\"valueName\":\"search_term_string\"}}],\"inLanguage\":\"en-US\"},{\"@type\":\"Organization\",\"@id\":\"https:\/\/sotan.mx\/#organization\",\"name\":\"Sotan.mx\",\"url\":\"https:\/\/sotan.mx\/\",\"logo\":{\"@type\":\"ImageObject\",\"inLanguage\":\"en-US\",\"@id\":\"https:\/\/sotan.mx\/#\/schema\/logo\/image\/\",\"url\":\"https:\/\/sotan.mx\/wp-content\/uploads\/2023\/07\/logo_movile.jpg\",\"contentUrl\":\"https:\/\/sotan.mx\/wp-content\/uploads\/2023\/07\/logo_movile.jpg\",\"width\":373,\"height\":110,\"caption\":\"Sotan.mx\"},\"image\":{\"@id\":\"https:\/\/sotan.mx\/#\/schema\/logo\/image\/\"},\"sameAs\":[\"https:\/\/www.facebook.com\/SoTan.onthego\",\"https:\/\/www.instagram.com\/sotanmx\/\"]}]}<\/script>\n<!-- \/ Yoast SEO Premium plugin. -->","yoast_head_json":{"title":"Kit B\u00e1sico de Bronceado - Sotan","description":"El kit prolongador de bronceado es el kit perfecto para el antes, durante y despu\u00e9s de tu bronceado. Esencial para prolongar tu bronceado m\u00e1s tiempo.","robots":{"index":"index","follow":"follow","max-snippet":"max-snippet:-1","max-image-preview":"max-image-preview:large","max-video-preview":"max-video-preview:-1"},"canonical":"https:\/\/sotan.mx\/en\/tienda-sotan\/prolongador-de-bronceado\/","og_locale":"en_US","og_type":"article","og_title":"Kit B\u00e1sico de Bronceado","og_description":"El kit prolongador de bronceado es el kit perfecto para el antes, durante y despu\u00e9s de tu bronceado. Esencial para prolongar tu bronceado m\u00e1s tiempo.","og_url":"https:\/\/sotan.mx\/en\/tienda-sotan\/prolongador-de-bronceado\/","og_site_name":"Sotan","article_publisher":"https:\/\/www.facebook.com\/SoTan.onthego","article_modified_time":"2025-05-20T20:40:00+00:00","og_image":[{"width":1200,"height":1425,"url":"https:\/\/sotan.mx\/wp-content\/uploads\/2023\/09\/fotos-pagina-sotan-18.jpg","type":"image\/jpeg"}],"twitter_card":"summary_large_image","twitter_misc":{"Est. reading time":"1 minute"},"schema":{"@context":"https:\/\/schema.org","@graph":[{"@type":"WebPage","@id":"https:\/\/sotan.mx\/tienda-sotan\/prolongador-de-bronceado\/","url":"https:\/\/sotan.mx\/tienda-sotan\/prolongador-de-bronceado\/","name":"Kit B\u00e1sico de Bronceado - Sotan","isPartOf":{"@id":"https:\/\/sotan.mx\/#website"},"primaryImageOfPage":{"@id":"https:\/\/sotan.mx\/tienda-sotan\/prolongador-de-bronceado\/#primaryimage"},"image":{"@id":"https:\/\/sotan.mx\/tienda-sotan\/prolongador-de-bronceado\/#primaryimage"},"thumbnailUrl":"https:\/\/sotan.mx\/wp-content\/uploads\/2023\/09\/fotos-pagina-sotan-18.jpg","datePublished":"2023-09-14T02:13:01+00:00","dateModified":"2025-05-20T20:40:00+00:00","description":"El kit prolongador de bronceado es el kit perfecto para el antes, durante y despu\u00e9s de tu bronceado. Esencial para prolongar tu bronceado m\u00e1s tiempo.","breadcrumb":{"@id":"https:\/\/sotan.mx\/tienda-sotan\/prolongador-de-bronceado\/#breadcrumb"},"inLanguage":"en-US","potentialAction":[{"@type":"ReadAction","target":["https:\/\/sotan.mx\/tienda-sotan\/prolongador-de-bronceado\/"]}]},{"@type":"ImageObject","inLanguage":"en-US","@id":"https:\/\/sotan.mx\/tienda-sotan\/prolongador-de-bronceado\/#primaryimage","url":"https:\/\/sotan.mx\/wp-content\/uploads\/2023\/09\/fotos-pagina-sotan-18.jpg","contentUrl":"https:\/\/sotan.mx\/wp-content\/uploads\/2023\/09\/fotos-pagina-sotan-18.jpg","width":1200,"height":1425},{"@type":"BreadcrumbList","@id":"https:\/\/sotan.mx\/tienda-sotan\/prolongador-de-bronceado\/#breadcrumb","itemListElement":[{"@type":"ListItem","position":1,"name":"Home","item":"https:\/\/sotan.mx\/"},{"@type":"ListItem","position":2,"name":"Productos","item":"https:\/\/sotan.mx\/tienda-sotan__trashed\/"},{"@type":"ListItem","position":3,"name":"Kit B\u00e1sico de Bronceado"}]},{"@type":"WebSite","@id":"https:\/\/sotan.mx\/#website","url":"https:\/\/sotan.mx\/","name":"Sotan","description":"Bronceado org\u00e1nico realizado con aer\u00f3grafo","publisher":{"@id":"https:\/\/sotan.mx\/#organization"},"alternateName":"Sotan.mx","potentialAction":[{"@type":"SearchAction","target":{"@type":"EntryPoint","urlTemplate":"https:\/\/sotan.mx\/?s={search_term_string}"},"query-input":{"@type":"PropertyValueSpecification","valueRequired":true,"valueName":"search_term_string"}}],"inLanguage":"en-US"},{"@type":"Organization","@id":"https:\/\/sotan.mx\/#organization","name":"Sotan.mx","url":"https:\/\/sotan.mx\/","logo":{"@type":"ImageObject","inLanguage":"en-US","@id":"https:\/\/sotan.mx\/#\/schema\/logo\/image\/","url":"https:\/\/sotan.mx\/wp-content\/uploads\/2023\/07\/logo_movile.jpg","contentUrl":"https:\/\/sotan.mx\/wp-content\/uploads\/2023\/07\/logo_movile.jpg","width":373,"height":110,"caption":"Sotan.mx"},"image":{"@id":"https:\/\/sotan.mx\/#\/schema\/logo\/image\/"},"sameAs":["https:\/\/www.facebook.com\/SoTan.onthego","https:\/\/www.instagram.com\/sotanmx\/"]}]}},"_links":{"self":[{"href":"https:\/\/sotan.mx\/en\/wp-json\/wp\/v2\/product\/8571","targetHints":{"allow":["GET"]}}],"collection":[{"href":"https:\/\/sotan.mx\/en\/wp-json\/wp\/v2\/product"}],"about":[{"href":"https:\/\/sotan.mx\/en\/wp-json\/wp\/v2\/types\/product"}],"wp:featuredmedia":[{"embeddable":true,"href":"https:\/\/sotan.mx\/en\/wp-json\/wp\/v2\/media\/14597"}],"wp:attachment":[{"href":"https:\/\/sotan.mx\/en\/wp-json\/wp\/v2\/media?parent=8571"}],"wp:term":[{"taxonomy":"product_brand","embeddable":true,"href":"https:\/\/sotan.mx\/en\/wp-json\/wp\/v2\/product_brand?post=8571"},{"taxonomy":"product_cat","embeddable":true,"href":"https:\/\/sotan.mx\/en\/wp-json\/wp\/v2\/product_cat?post=8571"},{"taxonomy":"product_tag","embeddable":true,"href":"https:\/\/sotan.mx\/en\/wp-json\/wp\/v2\/product_tag?post=8571"}],"curies":[{"name":"wp","href":"https:\/\/api.w.org\/{rel}","templated":true}]}}